{"id":2832,"date":"2025-08-26T20:57:37","date_gmt":"2025-08-26T18:57:37","guid":{"rendered":"https:\/\/tfclima.com\/reparacio-aire-condicionat\/"},"modified":"2026-02-03T09:36:00","modified_gmt":"2026-02-03T08:36:00","slug":"reparacion-aire-acondicionado","status":"publish","type":"page","link":"https:\/\/tfclima.com\/es\/reparacion-aire-acondicionado\/","title":{"rendered":"Reparaci\u00f3n de aire acondicionado"},"content":{"rendered":"\t\t<div data-elementor-type=\"wp-page\" data-elementor-id=\"2832\" class=\"elementor elementor-2832 elementor-2604\" data-elementor-post-type=\"page\">\n\t\t\t\t\t\t<section class=\"elementor-section elementor-top-section elementor-element elementor-element-ebf6a77 elementor-section-height-min-height elementor-section-items-bottom elementor-section-boxed elementor-section-height-default\" data-id=\"ebf6a77\" data-element_type=\"section\" data-e-type=\"section\" data-settings=\"{&quot;background_background&quot;:&quot;classic&quot;}\">\n\t\t\t\t\t\t<div class=\"elementor-container elementor-column-gap-default\">\n\t\t\t\t\t<div class=\"elementor-column elementor-col-50 elementor-top-column elementor-element elementor-element-c0f8d74\" data-id=\"c0f8d74\" data-element_type=\"column\" data-e-type=\"column\">\n\t\t\t<div class=\"elementor-widget-wrap elementor-element-populated\">\n\t\t\t\t\t\t<div class=\"elementor-element elementor-element-91ecb17 elementor-widget elementor-widget-heading\" data-id=\"91ecb17\" data-element_type=\"widget\" data-e-type=\"widget\" data-widget_type=\"heading.default\">\n\t\t\t\t<div class=\"elementor-widget-container\">\n\t\t\t\t\t<h1 class=\"elementor-heading-title elementor-size-default\">Reparaci\u00f3n <br>de aire acondicionado<\/h1>\t\t\t\t<\/div>\n\t\t\t\t<\/div>\n\t\t\t\t<div class=\"elementor-element elementor-element-ae2af1f elementor-widget elementor-widget-text-editor\" data-id=\"ae2af1f\" data-element_type=\"widget\" data-e-type=\"widget\" data-widget_type=\"text-editor.default\">\n\t\t\t\t<div class=\"elementor-widget-container\">\n\t\t\t\t\t\t\t\t\t<p>Soluciones de reparaci\u00f3n de aire acondicionado adaptadas a cada necesidad<\/p>\t\t\t\t\t\t\t\t<\/div>\n\t\t\t\t<\/div>\n\t\t\t\t\t<\/div>\n\t\t<\/div>\n\t\t\t\t<div class=\"elementor-column elementor-col-50 elementor-top-column elementor-element elementor-element-2869fa2 elementor-hidden-phone\" data-id=\"2869fa2\" data-element_type=\"column\" data-e-type=\"column\">\n\t\t\t<div class=\"elementor-widget-wrap\">\n\t\t\t\t\t\t\t<\/div>\n\t\t<\/div>\n\t\t\t\t\t<\/div>\n\t\t<\/section>\n\t\t\t\t<section class=\"elementor-section elementor-top-section elementor-element elementor-element-bffdef4 elementor-section-boxed elementor-section-height-default elementor-section-height-default\" data-id=\"bffdef4\" data-element_type=\"section\" data-e-type=\"section\">\n\t\t\t\t\t\t<div class=\"elementor-container elementor-column-gap-default\">\n\t\t\t\t\t<div class=\"elementor-column elementor-col-100 elementor-top-column elementor-element elementor-element-4f47a94\" data-id=\"4f47a94\" data-element_type=\"column\" data-e-type=\"column\">\n\t\t\t<div class=\"elementor-widget-wrap elementor-element-populated\">\n\t\t\t\t\t\t<section class=\"elementor-section elementor-inner-section elementor-element elementor-element-cdbabe7 elementor-section-boxed elementor-section-height-default elementor-section-height-default\" data-id=\"cdbabe7\" data-element_type=\"section\" data-e-type=\"section\">\n\t\t\t\t\t\t<div class=\"elementor-container elementor-column-gap-default\">\n\t\t\t\t\t<div class=\"elementor-column elementor-col-50 elementor-inner-column elementor-element elementor-element-0b2b551\" data-id=\"0b2b551\" data-element_type=\"column\" data-e-type=\"column\">\n\t\t\t<div class=\"elementor-widget-wrap elementor-element-populated\">\n\t\t\t\t\t\t<div class=\"elementor-element elementor-element-5e9ca93 elementor-widget elementor-widget-heading\" data-id=\"5e9ca93\" data-element_type=\"widget\" data-e-type=\"widget\" data-widget_type=\"heading.default\">\n\t\t\t\t<div class=\"elementor-widget-container\">\n\t\t\t\t\t<span class=\"elementor-heading-title elementor-size-default\">Ofrecemos servicio de reparaci\u00f3n de sistemas de aire acondicionado, tanto para viviendas como para oficinas, locales comerciales e instalaciones industriales.<\/span>\t\t\t\t<\/div>\n\t\t\t\t<\/div>\n\t\t\t\t\t<\/div>\n\t\t<\/div>\n\t\t\t\t<div class=\"elementor-column elementor-col-50 elementor-inner-column elementor-element elementor-element-744f5a4\" data-id=\"744f5a4\" data-element_type=\"column\" data-e-type=\"column\">\n\t\t\t<div class=\"elementor-widget-wrap elementor-element-populated\">\n\t\t\t\t\t\t<div class=\"elementor-element elementor-element-b3c1a13 elementor-widget elementor-widget-text-editor\" data-id=\"b3c1a13\" data-element_type=\"widget\" data-e-type=\"widget\" data-widget_type=\"text-editor.default\">\n\t\t\t\t<div class=\"elementor-widget-container\">\n\t\t\t\t\t\t\t\t\t<p data-start=\"291\" data-end=\"451\">Realizamos <strong>estudios y c\u00e1lculos personalizados<\/strong> para que cada reparaci\u00f3n se adapte perfectamente a las necesidades del cliente, consiguiendo recuperar <strong>confort y eficiencia energ\u00e9tica<\/strong>.<\/p><p data-start=\"453\" data-end=\"588\"><strong>Reparamos equipos<\/strong> de tipo <em data-start=\"480\" data-end=\"487\">split<\/em>, <em data-start=\"489\" data-end=\"499\">cassette<\/em>, conductos y sistemas VRV\/VRF, siempre con <strong>tecnolog\u00eda de \u00faltima generaci\u00f3n y bajo consumo.<\/strong><\/p>\t\t\t\t\t\t\t\t<\/div>\n\t\t\t\t<\/div>\n\t\t\t\t\t<\/div>\n\t\t<\/div>\n\t\t\t\t\t<\/div>\n\t\t<\/section>\n\t\t\t\t<section class=\"elementor-section elementor-inner-section elementor-element elementor-element-183c41b elementor-section-boxed elementor-section-height-default elementor-section-height-default\" data-id=\"183c41b\" data-element_type=\"section\" data-e-type=\"section\">\n\t\t\t\t\t\t<div class=\"elementor-container elementor-column-gap-default\">\n\t\t\t\t\t<div class=\"elementor-column elementor-col-50 elementor-inner-column elementor-element elementor-element-b042fe3\" data-id=\"b042fe3\" data-element_type=\"column\" data-e-type=\"column\">\n\t\t\t<div class=\"elementor-widget-wrap elementor-element-populated\">\n\t\t\t\t\t\t<div class=\"elementor-element elementor-element-da8fc0e elementor-widget elementor-widget-image\" data-id=\"da8fc0e\" data-element_type=\"widget\" data-e-type=\"widget\" data-widget_type=\"image.default\">\n\t\t\t\t<div class=\"elementor-widget-container\">\n\t\t\t\t\t\t\t\t\t\t\t\t\t\t\t<img fetchpriority=\"high\" decoding=\"async\" width=\"865\" height=\"630\" src=\"https:\/\/tfclima.com\/wp-content\/uploads\/2025\/11\/coneixnos2.webp\" class=\"attachment-large size-large wp-image-3911\" alt=\"Tubs de sostre aire acondicionat\" srcset=\"https:\/\/tfclima.com\/wp-content\/uploads\/2025\/11\/coneixnos2.webp 865w, https:\/\/tfclima.com\/wp-content\/uploads\/2025\/11\/coneixnos2-300x218.webp 300w, https:\/\/tfclima.com\/wp-content\/uploads\/2025\/11\/coneixnos2-768x559.webp 768w, https:\/\/tfclima.com\/wp-content\/uploads\/2025\/11\/coneixnos2-600x437.webp 600w\" sizes=\"(max-width: 865px) 100vw, 865px\" \/>\t\t\t\t\t\t\t\t\t\t\t\t\t\t\t<\/div>\n\t\t\t\t<\/div>\n\t\t\t\t<div class=\"elementor-element elementor-element-aa0490e elementor-widget elementor-widget-image\" data-id=\"aa0490e\" data-element_type=\"widget\" data-e-type=\"widget\" data-widget_type=\"image.default\">\n\t\t\t\t<div class=\"elementor-widget-container\">\n\t\t\t\t\t\t\t\t\t\t\t\t\t\t\t<img decoding=\"async\" width=\"1\" height=\"1\" src=\"https:\/\/tfclima.com\/wp-content\/uploads\/2021\/08\/forma.svg\" class=\"attachment-large size-large wp-image-4230\" alt=\"forma ondulada\" \/>\t\t\t\t\t\t\t\t\t\t\t\t\t\t\t<\/div>\n\t\t\t\t<\/div>\n\t\t\t\t<div class=\"elementor-element elementor-element-87d6ba8 elementor-widget elementor-widget-text-editor\" data-id=\"87d6ba8\" data-element_type=\"widget\" data-e-type=\"widget\" data-widget_type=\"text-editor.default\">\n\t\t\t\t<div class=\"elementor-widget-container\">\n\t\t\t\t\t\t\t\t\t<p>Reparamos conductos para climatizaci\u00f3n, extracci\u00f3n y ventilaci\u00f3n. Construimos conductos a medida de diversos materiales con mecanismos de difusi\u00f3n ajustados a cada instalaci\u00f3n. Tambi\u00e9n revisamos las turbinas o recuperadores para una ventilaci\u00f3n del aire y <span style=\"font-size: var( --e-global-typography-a97b6da-font-size ); letter-spacing: var( --e-global-typography-a97b6da-letter-spacing ); color: var( --e-global-color-63bf821 );\">cortinas de aire, adaptadas a cada necesidad.<\/span> <\/p><p><span style=\"font-size: var( --e-global-typography-a97b6da-font-size ); letter-spacing: var( --e-global-typography-a97b6da-letter-spacing ); color: var( --e-global-color-63bf821 );\">Todo esto adaptado al \u00e1mbito comercial e industrial o dom\u00e9stico.<\/span><\/p>\t\t\t\t\t\t\t\t<\/div>\n\t\t\t\t<\/div>\n\t\t\t\t\t<\/div>\n\t\t<\/div>\n\t\t\t\t<div class=\"elementor-column elementor-col-50 elementor-inner-column elementor-element elementor-element-ecab730\" data-id=\"ecab730\" data-element_type=\"column\" data-e-type=\"column\">\n\t\t\t<div class=\"elementor-widget-wrap elementor-element-populated\">\n\t\t\t\t\t\t<div class=\"elementor-element elementor-element-94b6254 elementor-widget elementor-widget-image\" data-id=\"94b6254\" data-element_type=\"widget\" data-e-type=\"widget\" data-widget_type=\"image.default\">\n\t\t\t\t<div class=\"elementor-widget-container\">\n\t\t\t\t\t\t\t\t\t\t\t\t\t\t\t<img decoding=\"async\" width=\"531\" height=\"729\" src=\"https:\/\/tfclima.com\/wp-content\/uploads\/2025\/11\/motor-aire-condicionat.webp\" class=\"attachment-large size-large wp-image-3912\" alt=\"motor aire condicionat\" srcset=\"https:\/\/tfclima.com\/wp-content\/uploads\/2025\/11\/motor-aire-condicionat.webp 531w, https:\/\/tfclima.com\/wp-content\/uploads\/2025\/11\/motor-aire-condicionat-219x300.webp 219w\" sizes=\"(max-width: 531px) 100vw, 531px\" \/>\t\t\t\t\t\t\t\t\t\t\t\t\t\t\t<\/div>\n\t\t\t\t<\/div>\n\t\t\t\t\t<\/div>\n\t\t<\/div>\n\t\t\t\t\t<\/div>\n\t\t<\/section>\n\t\t\t\t\t<\/div>\n\t\t<\/div>\n\t\t\t\t\t<\/div>\n\t\t<\/section>\n\t\t\t\t<section class=\"elementor-section elementor-top-section elementor-element elementor-element-4fc9928 elementor-section-boxed elementor-section-height-default elementor-section-height-default\" data-id=\"4fc9928\" data-element_type=\"section\" data-e-type=\"section\">\n\t\t\t\t\t\t<div class=\"elementor-container elementor-column-gap-default\">\n\t\t\t\t\t<div class=\"elementor-column elementor-col-100 elementor-top-column elementor-element elementor-element-57650a8\" data-id=\"57650a8\" data-element_type=\"column\" data-e-type=\"column\">\n\t\t\t<div class=\"elementor-widget-wrap elementor-element-populated\">\n\t\t\t\t\t\t<div class=\"elementor-element elementor-element-3cc6044 elementor-widget elementor-widget-heading\" data-id=\"3cc6044\" data-element_type=\"widget\" data-e-type=\"widget\" data-widget_type=\"heading.default\">\n\t\t\t\t<div class=\"elementor-widget-container\">\n\t\t\t\t\t<h2 class=\"elementor-heading-title elementor-size-default\">Proyectos<\/h2>\t\t\t\t<\/div>\n\t\t\t\t<\/div>\n\t\t\t\t<div class=\"elementor-element elementor-element-0524a6d elementor-widget elementor-widget-jet-listing-grid\" data-id=\"0524a6d\" data-element_type=\"widget\" data-e-type=\"widget\" data-settings=\"{&quot;columns&quot;:3,&quot;columns_mobile&quot;:&quot;1&quot;}\" data-widget_type=\"jet-listing-grid.default\">\n\t\t\t\t<div class=\"elementor-widget-container\">\n\t\t\t\t\t<div class=\"jet-listing-grid jet-listing\"><div class=\"jet-listing-grid__items grid-col-desk-3 grid-col-tablet-3 grid-col-mobile-1 jet-listing-grid--385\" data-queried-id=\"2832|WP_Post\" data-nav=\"{&quot;enabled&quot;:false,&quot;type&quot;:null,&quot;more_el&quot;:null,&quot;query&quot;:[],&quot;widget_settings&quot;:{&quot;lisitng_id&quot;:385,&quot;posts_num&quot;:3,&quot;columns&quot;:3,&quot;columns_tablet&quot;:3,&quot;columns_mobile&quot;:1,&quot;column_min_width&quot;:240,&quot;column_min_width_tablet&quot;:240,&quot;column_min_width_mobile&quot;:240,&quot;inline_columns_css&quot;:false,&quot;is_archive_template&quot;:&quot;&quot;,&quot;post_status&quot;:[&quot;publish&quot;],&quot;use_random_posts_num&quot;:&quot;&quot;,&quot;max_posts_num&quot;:9,&quot;not_found_message&quot;:&quot;No se encontraron datos&quot;,&quot;is_masonry&quot;:false,&quot;equal_columns_height&quot;:&quot;&quot;,&quot;use_load_more&quot;:&quot;&quot;,&quot;load_more_id&quot;:&quot;&quot;,&quot;load_more_type&quot;:&quot;click&quot;,&quot;load_more_offset&quot;:{&quot;unit&quot;:&quot;px&quot;,&quot;size&quot;:0,&quot;sizes&quot;:[]},&quot;use_custom_post_types&quot;:&quot;&quot;,&quot;custom_post_types&quot;:[&quot;projectes&quot;],&quot;hide_widget_if&quot;:&quot;&quot;,&quot;carousel_enabled&quot;:&quot;&quot;,&quot;slides_to_scroll&quot;:&quot;1&quot;,&quot;arrows&quot;:&quot;true&quot;,&quot;arrow_icon&quot;:&quot;fa fa-angle-left&quot;,&quot;dots&quot;:&quot;&quot;,&quot;autoplay&quot;:&quot;true&quot;,&quot;pause_on_hover&quot;:&quot;true&quot;,&quot;autoplay_speed&quot;:5000,&quot;infinite&quot;:&quot;true&quot;,&quot;center_mode&quot;:&quot;&quot;,&quot;effect&quot;:&quot;slide&quot;,&quot;speed&quot;:500,&quot;inject_alternative_items&quot;:&quot;&quot;,&quot;injection_items&quot;:[],&quot;scroll_slider_enabled&quot;:&quot;&quot;,&quot;scroll_slider_on&quot;:[&quot;desktop&quot;,&quot;tablet&quot;,&quot;mobile&quot;],&quot;custom_query&quot;:false,&quot;custom_query_id&quot;:&quot;&quot;,&quot;_element_id&quot;:&quot;&quot;,&quot;collapse_first_last_gap&quot;:false,&quot;list_tag_selection&quot;:&quot;&quot;,&quot;list_items_wrapper_tag&quot;:&quot;div&quot;,&quot;list_item_tag&quot;:&quot;div&quot;,&quot;empty_items_wrapper_tag&quot;:&quot;div&quot;}}\" data-page=\"1\" data-pages=\"2\" data-listing-source=\"posts\" data-listing-id=\"385\" data-query-id=\"\"><div class=\"jet-listing-grid__item jet-listing-dynamic-post-1106\" data-post-id=\"1106\"  ><style type=\"text\/css\">.jet-listing-dynamic-post-1106 .elementor-element.elementor-element-dd89eca:not(.elementor-motion-effects-element-type-background), .jet-listing-dynamic-post-1106 .elementor-element.elementor-element-dd89eca > .elementor-motion-effects-container > .elementor-motion-effects-layer{background-image:url(\"https:\/\/tfclima.com\/wp-content\/uploads\/2021\/11\/flors-terrades-stock.jpg\");}<\/style>\t\t<div data-elementor-type=\"jet-listing-items\" data-elementor-id=\"385\" class=\"elementor elementor-385\" data-elementor-post-type=\"jet-engine\">\n\t\t\t\t\t\t<section class=\"elementor-section elementor-top-section elementor-element elementor-element-dd89eca elementor-section-height-min-height ef elementor-section-boxed elementor-section-height-default elementor-section-items-middle\" data-id=\"dd89eca\" data-element_type=\"section\" data-e-type=\"section\" data-settings=\"{&quot;background_background&quot;:&quot;classic&quot;}\">\n\t\t\t\t\t\t\t<div class=\"elementor-background-overlay\"><\/div>\n\t\t\t\t\t\t\t<div class=\"elementor-container elementor-column-gap-default\">\n\t\t\t\t\t<div class=\"elementor-column elementor-col-100 elementor-top-column elementor-element elementor-element-cb2d577 et\" data-id=\"cb2d577\" data-element_type=\"column\" data-e-type=\"column\">\n\t\t\t<div class=\"elementor-widget-wrap elementor-element-populated\">\n\t\t\t\t\t\t<div class=\"elementor-element elementor-element-70706c6 elementor-widget elementor-widget-heading\" data-id=\"70706c6\" data-element_type=\"widget\" data-e-type=\"widget\" data-widget_type=\"heading.default\">\n\t\t\t\t<div class=\"elementor-widget-container\">\n\t\t\t\t\t<h3 class=\"elementor-heading-title elementor-size-default\">Flores Terrades<\/h3>\t\t\t\t<\/div>\n\t\t\t\t<\/div>\n\t\t\t\t\t<\/div>\n\t\t<\/div>\n\t\t\t\t\t<\/div>\n\t\t<\/section>\n\t\t\t\t<\/div>\n\t\t<\/div><div class=\"jet-listing-grid__item jet-listing-dynamic-post-1109\" data-post-id=\"1109\"  ><style type=\"text\/css\">.jet-listing-dynamic-post-1109 .elementor-element.elementor-element-dd89eca:not(.elementor-motion-effects-element-type-background), .jet-listing-dynamic-post-1109 .elementor-element.elementor-element-dd89eca > .elementor-motion-effects-container > .elementor-motion-effects-layer{background-image:url(\"https:\/\/tfclima.com\/wp-content\/uploads\/2021\/08\/casaMIro-stock.jpg\");}<\/style>\t\t<div data-elementor-type=\"jet-listing-items\" data-elementor-id=\"385\" class=\"elementor elementor-385\" data-elementor-post-type=\"jet-engine\">\n\t\t\t\t\t\t<section class=\"elementor-section elementor-top-section elementor-element elementor-element-dd89eca elementor-section-height-min-height ef elementor-section-boxed elementor-section-height-default elementor-section-items-middle\" data-id=\"dd89eca\" data-element_type=\"section\" data-e-type=\"section\" data-settings=\"{&quot;background_background&quot;:&quot;classic&quot;}\">\n\t\t\t\t\t\t\t<div class=\"elementor-background-overlay\"><\/div>\n\t\t\t\t\t\t\t<div class=\"elementor-container elementor-column-gap-default\">\n\t\t\t\t\t<div class=\"elementor-column elementor-col-100 elementor-top-column elementor-element elementor-element-cb2d577 et\" data-id=\"cb2d577\" data-element_type=\"column\" data-e-type=\"column\">\n\t\t\t<div class=\"elementor-widget-wrap elementor-element-populated\">\n\t\t\t\t\t\t<div class=\"elementor-element elementor-element-70706c6 elementor-widget elementor-widget-heading\" data-id=\"70706c6\" data-element_type=\"widget\" data-e-type=\"widget\" data-widget_type=\"heading.default\">\n\t\t\t\t<div class=\"elementor-widget-container\">\n\t\t\t\t\t<h3 class=\"elementor-heading-title elementor-size-default\">Casa Mir\u00f3<\/h3>\t\t\t\t<\/div>\n\t\t\t\t<\/div>\n\t\t\t\t\t<\/div>\n\t\t<\/div>\n\t\t\t\t\t<\/div>\n\t\t<\/section>\n\t\t\t\t<\/div>\n\t\t<\/div><div class=\"jet-listing-grid__item jet-listing-dynamic-post-1110\" data-post-id=\"1110\"  ><style type=\"text\/css\">.jet-listing-dynamic-post-1110 .elementor-element.elementor-element-dd89eca:not(.elementor-motion-effects-element-type-background), .jet-listing-dynamic-post-1110 .elementor-element.elementor-element-dd89eca > .elementor-motion-effects-container > .elementor-motion-effects-layer{background-image:url(\"https:\/\/tfclima.com\/wp-content\/uploads\/2021\/08\/Inst.catala-salut.jpg\");}<\/style>\t\t<div data-elementor-type=\"jet-listing-items\" data-elementor-id=\"385\" class=\"elementor elementor-385\" data-elementor-post-type=\"jet-engine\">\n\t\t\t\t\t\t<section class=\"elementor-section elementor-top-section elementor-element elementor-element-dd89eca elementor-section-height-min-height ef elementor-section-boxed elementor-section-height-default elementor-section-items-middle\" data-id=\"dd89eca\" data-element_type=\"section\" data-e-type=\"section\" data-settings=\"{&quot;background_background&quot;:&quot;classic&quot;}\">\n\t\t\t\t\t\t\t<div class=\"elementor-background-overlay\"><\/div>\n\t\t\t\t\t\t\t<div class=\"elementor-container elementor-column-gap-default\">\n\t\t\t\t\t<div class=\"elementor-column elementor-col-100 elementor-top-column elementor-element elementor-element-cb2d577 et\" data-id=\"cb2d577\" data-element_type=\"column\" data-e-type=\"column\">\n\t\t\t<div class=\"elementor-widget-wrap elementor-element-populated\">\n\t\t\t\t\t\t<div class=\"elementor-element elementor-element-70706c6 elementor-widget elementor-widget-heading\" data-id=\"70706c6\" data-element_type=\"widget\" data-e-type=\"widget\" data-widget_type=\"heading.default\">\n\t\t\t\t<div class=\"elementor-widget-container\">\n\t\t\t\t\t<h3 class=\"elementor-heading-title elementor-size-default\">Instituto Catal\u00e1n de la Salud<\/h3>\t\t\t\t<\/div>\n\t\t\t\t<\/div>\n\t\t\t\t\t<\/div>\n\t\t<\/div>\n\t\t\t\t\t<\/div>\n\t\t<\/section>\n\t\t\t\t<\/div>\n\t\t<\/div><\/div><\/div>\t\t\t\t<\/div>\n\t\t\t\t<\/div>\n\t\t\t\t<section class=\"elementor-section elementor-inner-section elementor-element elementor-element-3e017e0 elementor-section-boxed elementor-section-height-default elementor-section-height-default\" data-id=\"3e017e0\" data-element_type=\"section\" data-e-type=\"section\">\n\t\t\t\t\t\t<div class=\"elementor-container elementor-column-gap-default\">\n\t\t\t\t\t<div class=\"elementor-column elementor-col-50 elementor-inner-column elementor-element elementor-element-5c26e4c\" data-id=\"5c26e4c\" data-element_type=\"column\" data-e-type=\"column\">\n\t\t\t<div class=\"elementor-widget-wrap elementor-element-populated\">\n\t\t\t\t\t\t<div class=\"elementor-element elementor-element-9a29e7f elementor-widget elementor-widget-heading\" data-id=\"9a29e7f\" data-element_type=\"widget\" data-e-type=\"widget\" data-widget_type=\"heading.default\">\n\t\t\t\t<div class=\"elementor-widget-container\">\n\t\t\t\t\t<span class=\"elementor-heading-title elementor-size-default\"><a href=\"\/projectes\/\">VERLOS TODOS<\/a><\/span>\t\t\t\t<\/div>\n\t\t\t\t<\/div>\n\t\t\t\t\t<\/div>\n\t\t<\/div>\n\t\t\t\t<div class=\"elementor-column elementor-col-50 elementor-inner-column elementor-element elementor-element-88ddf69\" data-id=\"88ddf69\" data-element_type=\"column\" data-e-type=\"column\">\n\t\t\t<div class=\"elementor-widget-wrap elementor-element-populated\">\n\t\t\t\t\t\t<div class=\"elementor-element elementor-element-8a77313 elementor-widget elementor-widget-image\" data-id=\"8a77313\" data-element_type=\"widget\" data-e-type=\"widget\" data-widget_type=\"image.default\">\n\t\t\t\t<div class=\"elementor-widget-container\">\n\t\t\t\t\t\t\t\t\t\t\t\t\t\t\t\t<a href=\"\/projectes\/\">\n\t\t\t\t\t\t\t<img loading=\"lazy\" decoding=\"async\" width=\"60\" height=\"42\" src=\"https:\/\/tfclima.com\/wp-content\/uploads\/2021\/08\/picto_viento.svg\" class=\"attachment-large size-large wp-image-4223\" alt=\"Picto viento\" \/>\t\t\t\t\t\t\t\t<\/a>\n\t\t\t\t\t\t\t\t\t\t\t\t\t\t\t<\/div>\n\t\t\t\t<\/div>\n\t\t\t\t\t<\/div>\n\t\t<\/div>\n\t\t\t\t\t<\/div>\n\t\t<\/section>\n\t\t\t\t\t<\/div>\n\t\t<\/div>\n\t\t\t\t\t<\/div>\n\t\t<\/section>\n\t\t\t\t<\/div>\n\t\t","protected":false},"excerpt":{"rendered":"<p>Reparaci\u00f3n de aire acondicionado Soluciones de reparaci\u00f3n de aire acondicionado adaptadas a cada necesidad Ofrecemos servicio de reparaci\u00f3n de sistemas de aire acondicionado, tanto para viviendas como para oficinas, locales comerciales e instalaciones industriales. Realizamos estudios y c\u00e1lculos personalizados para que cada reparaci\u00f3n se adapte perfectamente a las necesidades del cliente, consiguiendo recuperar confort y [&hellip;]<\/p>\n","protected":false},"author":5,"featured_media":0,"parent":0,"menu_order":0,"comment_status":"closed","ping_status":"closed","template":"","meta":{"footnotes":""},"class_list":["post-2832","page","type-page","status-publish","hentry"],"_links":{"self":[{"href":"https:\/\/tfclima.com\/es\/wp-json\/wp\/v2\/pages\/2832","targetHints":{"allow":["GET"]}}],"collection":[{"href":"https:\/\/tfclima.com\/es\/wp-json\/wp\/v2\/pages"}],"about":[{"href":"https:\/\/tfclima.com\/es\/wp-json\/wp\/v2\/types\/page"}],"author":[{"embeddable":true,"href":"https:\/\/tfclima.com\/es\/wp-json\/wp\/v2\/users\/5"}],"replies":[{"embeddable":true,"href":"https:\/\/tfclima.com\/es\/wp-json\/wp\/v2\/comments?post=2832"}],"version-history":[{"count":13,"href":"https:\/\/tfclima.com\/es\/wp-json\/wp\/v2\/pages\/2832\/revisions"}],"predecessor-version":[{"id":4248,"href":"https:\/\/tfclima.com\/es\/wp-json\/wp\/v2\/pages\/2832\/revisions\/4248"}],"wp:attachment":[{"href":"https:\/\/tfclima.com\/es\/wp-json\/wp\/v2\/media?parent=2832"}],"curies":[{"name":"wp","href":"https:\/\/api.w.org\/{rel}","templated":true}]}}