{"id":2828,"date":"2025-08-25T13:06:18","date_gmt":"2025-08-25T11:06:18","guid":{"rendered":"https:\/\/tfclima.com\/refrigeracio\/"},"modified":"2026-02-03T09:37:17","modified_gmt":"2026-02-03T08:37:17","slug":"frio-industrial","status":"publish","type":"page","link":"https:\/\/tfclima.com\/es\/frio-industrial\/","title":{"rendered":"Fr\u00edo industrial"},"content":{"rendered":"\t\t<div data-elementor-type=\"wp-page\" data-elementor-id=\"2828\" class=\"elementor elementor-2828 elementor-2521\" data-elementor-post-type=\"page\">\n\t\t\t\t\t\t<section class=\"elementor-section elementor-top-section elementor-element elementor-element-ebf6a77 elementor-section-height-min-height elementor-section-items-bottom elementor-section-boxed elementor-section-height-default\" data-id=\"ebf6a77\" data-element_type=\"section\" data-e-type=\"section\" data-settings=\"{&quot;background_background&quot;:&quot;classic&quot;}\">\n\t\t\t\t\t\t<div class=\"elementor-container elementor-column-gap-default\">\n\t\t\t\t\t<div class=\"elementor-column elementor-col-50 elementor-top-column elementor-element elementor-element-c0f8d74\" data-id=\"c0f8d74\" data-element_type=\"column\" data-e-type=\"column\">\n\t\t\t<div class=\"elementor-widget-wrap elementor-element-populated\">\n\t\t\t\t\t\t<div class=\"elementor-element elementor-element-91ecb17 elementor-widget elementor-widget-heading\" data-id=\"91ecb17\" data-element_type=\"widget\" data-e-type=\"widget\" data-widget_type=\"heading.default\">\n\t\t\t\t<div class=\"elementor-widget-container\">\n\t\t\t\t\t<h1 class=\"elementor-heading-title elementor-size-default\">Fr\u00edo industrial<\/h1>\t\t\t\t<\/div>\n\t\t\t\t<\/div>\n\t\t\t\t<div class=\"elementor-element elementor-element-ae2af1f elementor-widget elementor-widget-text-editor\" data-id=\"ae2af1f\" data-element_type=\"widget\" data-e-type=\"widget\" data-widget_type=\"text-editor.default\">\n\t\t\t\t<div class=\"elementor-widget-container\">\n\t\t\t\t\t\t\t\t\t<p>Soluciones de instalaci\u00f3n, mantenimiento y reparaci\u00f3n de refrigeraci\u00f3n y congelaci\u00f3n adaptadas a cada necesidad.<\/p>\t\t\t\t\t\t\t\t<\/div>\n\t\t\t\t<\/div>\n\t\t\t\t\t<\/div>\n\t\t<\/div>\n\t\t\t\t<div class=\"elementor-column elementor-col-50 elementor-top-column elementor-element elementor-element-2869fa2 elementor-hidden-phone\" data-id=\"2869fa2\" data-element_type=\"column\" data-e-type=\"column\">\n\t\t\t<div class=\"elementor-widget-wrap\">\n\t\t\t\t\t\t\t<\/div>\n\t\t<\/div>\n\t\t\t\t\t<\/div>\n\t\t<\/section>\n\t\t\t\t<section class=\"elementor-section elementor-top-section elementor-element elementor-element-bffdef4 elementor-section-boxed elementor-section-height-default elementor-section-height-default\" data-id=\"bffdef4\" data-element_type=\"section\" data-e-type=\"section\">\n\t\t\t\t\t\t<div class=\"elementor-container elementor-column-gap-default\">\n\t\t\t\t\t<div class=\"elementor-column elementor-col-100 elementor-top-column elementor-element elementor-element-4f47a94\" data-id=\"4f47a94\" data-element_type=\"column\" data-e-type=\"column\">\n\t\t\t<div class=\"elementor-widget-wrap elementor-element-populated\">\n\t\t\t\t\t\t<section class=\"elementor-section elementor-inner-section elementor-element elementor-element-cdbabe7 elementor-section-boxed elementor-section-height-default elementor-section-height-default\" data-id=\"cdbabe7\" data-element_type=\"section\" data-e-type=\"section\">\n\t\t\t\t\t\t<div class=\"elementor-container elementor-column-gap-default\">\n\t\t\t\t\t<div class=\"elementor-column elementor-col-50 elementor-inner-column elementor-element elementor-element-0b2b551\" data-id=\"0b2b551\" data-element_type=\"column\" data-e-type=\"column\">\n\t\t\t<div class=\"elementor-widget-wrap elementor-element-populated\">\n\t\t\t\t\t\t<div class=\"elementor-element elementor-element-5e9ca93 elementor-widget elementor-widget-heading\" data-id=\"5e9ca93\" data-element_type=\"widget\" data-e-type=\"widget\" data-widget_type=\"heading.default\">\n\t\t\t\t<div class=\"elementor-widget-container\">\n\t\t\t\t\t<span class=\"elementor-heading-title elementor-size-default\">Ofrecemos servicio de instalaci\u00f3n y mantenimiento de maquinaria frigor\u00edfica, como c\u00e1maras frigor\u00edficas de conservaci\u00f3n, de congelaci\u00f3n, vitrinas expositoras, armarios refrigeradores...<\/span>\t\t\t\t<\/div>\n\t\t\t\t<\/div>\n\t\t\t\t\t<\/div>\n\t\t<\/div>\n\t\t\t\t<div class=\"elementor-column elementor-col-50 elementor-inner-column elementor-element elementor-element-744f5a4\" data-id=\"744f5a4\" data-element_type=\"column\" data-e-type=\"column\">\n\t\t\t<div class=\"elementor-widget-wrap elementor-element-populated\">\n\t\t\t\t\t\t<div class=\"elementor-element elementor-element-b3c1a13 elementor-widget elementor-widget-text-editor\" data-id=\"b3c1a13\" data-element_type=\"widget\" data-e-type=\"widget\" data-widget_type=\"text-editor.default\">\n\t\t\t\t<div class=\"elementor-widget-container\">\n\t\t\t\t\t\t\t\t\t<p>Tambi\u00e9n realizamos los <strong>estudios y c\u00e1lculos<\/strong> necesarios para que el montaje que se realice sea el m\u00e1s adecuado a las necesidades de cada cliente, con un <strong>dise\u00f1o personalizado y a medida<\/strong>.<\/p><p>Montaje de <strong>paneles de c\u00e1maras frigor\u00edficas<\/strong> para el sector de la <strong>alimentaci\u00f3n, procesos industriales y flor<\/strong>.<\/p>\t\t\t\t\t\t\t\t<\/div>\n\t\t\t\t<\/div>\n\t\t\t\t\t<\/div>\n\t\t<\/div>\n\t\t\t\t\t<\/div>\n\t\t<\/section>\n\t\t\t\t<section class=\"elementor-section elementor-inner-section elementor-element elementor-element-183c41b elementor-section-boxed elementor-section-height-default elementor-section-height-default\" data-id=\"183c41b\" data-element_type=\"section\" data-e-type=\"section\">\n\t\t\t\t\t\t<div class=\"elementor-container elementor-column-gap-default\">\n\t\t\t\t\t<div class=\"elementor-column elementor-col-50 elementor-inner-column elementor-element elementor-element-b042fe3\" data-id=\"b042fe3\" data-element_type=\"column\" data-e-type=\"column\">\n\t\t\t<div class=\"elementor-widget-wrap elementor-element-populated\">\n\t\t\t\t\t\t<div class=\"elementor-element elementor-element-da8fc0e elementor-widget elementor-widget-image\" data-id=\"da8fc0e\" data-element_type=\"widget\" data-e-type=\"widget\" data-widget_type=\"image.default\">\n\t\t\t\t<div class=\"elementor-widget-container\">\n\t\t\t\t\t\t\t\t\t\t\t\t\t\t\t<img fetchpriority=\"high\" decoding=\"async\" width=\"610\" height=\"480\" src=\"https:\/\/tfclima.com\/wp-content\/uploads\/2021\/08\/industrial1.jpg\" class=\"attachment-large size-large wp-image-4214\" alt=\"Refrigeraci\u00f3 industrial\" srcset=\"https:\/\/tfclima.com\/wp-content\/uploads\/2021\/08\/industrial1.jpg 610w, https:\/\/tfclima.com\/wp-content\/uploads\/2021\/08\/industrial1-300x236.jpg 300w, https:\/\/tfclima.com\/wp-content\/uploads\/2021\/08\/industrial1-570x450.jpg 570w, https:\/\/tfclima.com\/wp-content\/uploads\/2021\/08\/industrial1-600x472.jpg 600w\" sizes=\"(max-width: 610px) 100vw, 610px\" \/>\t\t\t\t\t\t\t\t\t\t\t\t\t\t\t<\/div>\n\t\t\t\t<\/div>\n\t\t\t\t<div class=\"elementor-element elementor-element-4d42896 elementor-widget elementor-widget-image\" data-id=\"4d42896\" data-element_type=\"widget\" data-e-type=\"widget\" data-widget_type=\"image.default\">\n\t\t\t\t<div class=\"elementor-widget-container\">\n\t\t\t\t\t\t\t\t\t\t\t\t\t\t\t<img decoding=\"async\" width=\"1\" height=\"1\" src=\"https:\/\/tfclima.com\/wp-content\/uploads\/2021\/08\/forma.svg\" class=\"attachment-large size-large wp-image-4230\" alt=\"forma ondulada\" \/>\t\t\t\t\t\t\t\t\t\t\t\t\t\t\t<\/div>\n\t\t\t\t<\/div>\n\t\t\t\t<div class=\"elementor-element elementor-element-12953d6 elementor-widget elementor-widget-text-editor\" data-id=\"12953d6\" data-element_type=\"widget\" data-e-type=\"widget\" data-widget_type=\"text-editor.default\">\n\t\t\t\t<div class=\"elementor-widget-container\">\n\t\t\t\t\t\t\t\t\t<p>Reparamos los conductos de congelaci\u00f3n y refrigeraci\u00f3n, a\u00f1adimos seg\u00fan las necesidades del cliente y finalizamos con mecanismos de difusi\u00f3n ajustados a cada instalaci\u00f3n, que pueden ser rejillas o difusores.<\/p><p><span style=\"font-size: var( --e-global-typography-a97b6da-font-size ); letter-spacing: var( --e-global-typography-a97b6da-letter-spacing ); color: var( --e-global-color-63bf821 );\">Todo esto adaptado al \u00e1mbito comercial e industrial.<\/span><\/p>\t\t\t\t\t\t\t\t<\/div>\n\t\t\t\t<\/div>\n\t\t\t\t\t<\/div>\n\t\t<\/div>\n\t\t\t\t<div class=\"elementor-column elementor-col-50 elementor-inner-column elementor-element elementor-element-ecab730\" data-id=\"ecab730\" data-element_type=\"column\" data-e-type=\"column\">\n\t\t\t<div class=\"elementor-widget-wrap elementor-element-populated\">\n\t\t\t\t\t\t<div class=\"elementor-element elementor-element-94b6254 elementor-widget elementor-widget-image\" data-id=\"94b6254\" data-element_type=\"widget\" data-e-type=\"widget\" data-widget_type=\"image.default\">\n\t\t\t\t<div class=\"elementor-widget-container\">\n\t\t\t\t\t\t\t\t\t\t\t\t\t\t\t<img decoding=\"async\" width=\"958\" height=\"1024\" src=\"https:\/\/tfclima.com\/wp-content\/uploads\/2025\/11\/fred-industrial-plantesbada-958x1024.webp\" class=\"attachment-large size-large wp-image-3843\" alt=\"Refrigeraci\u00f3 industrial per a plantes\" srcset=\"https:\/\/tfclima.com\/wp-content\/uploads\/2025\/11\/fred-industrial-plantesbada-958x1024.webp 958w, https:\/\/tfclima.com\/wp-content\/uploads\/2025\/11\/fred-industrial-plantesbada-281x300.webp 281w, https:\/\/tfclima.com\/wp-content\/uploads\/2025\/11\/fred-industrial-plantesbada-768x821.webp 768w, https:\/\/tfclima.com\/wp-content\/uploads\/2025\/11\/fred-industrial-plantesbada-600x641.webp 600w, https:\/\/tfclima.com\/wp-content\/uploads\/2025\/11\/fred-industrial-plantesbada.webp 1000w\" sizes=\"(max-width: 958px) 100vw, 958px\" \/>\t\t\t\t\t\t\t\t\t\t\t\t\t\t\t<\/div>\n\t\t\t\t<\/div>\n\t\t\t\t\t<\/div>\n\t\t<\/div>\n\t\t\t\t\t<\/div>\n\t\t<\/section>\n\t\t\t\t\t<\/div>\n\t\t<\/div>\n\t\t\t\t\t<\/div>\n\t\t<\/section>\n\t\t\t\t<section class=\"elementor-section elementor-top-section elementor-element elementor-element-4fc9928 elementor-section-boxed elementor-section-height-default elementor-section-height-default\" data-id=\"4fc9928\" data-element_type=\"section\" data-e-type=\"section\">\n\t\t\t\t\t\t<div class=\"elementor-container elementor-column-gap-default\">\n\t\t\t\t\t<div class=\"elementor-column elementor-col-100 elementor-top-column elementor-element elementor-element-57650a8\" data-id=\"57650a8\" data-element_type=\"column\" data-e-type=\"column\">\n\t\t\t<div class=\"elementor-widget-wrap elementor-element-populated\">\n\t\t\t\t\t\t<div class=\"elementor-element elementor-element-3cc6044 elementor-widget elementor-widget-heading\" data-id=\"3cc6044\" data-element_type=\"widget\" data-e-type=\"widget\" data-widget_type=\"heading.default\">\n\t\t\t\t<div class=\"elementor-widget-container\">\n\t\t\t\t\t<h2 class=\"elementor-heading-title elementor-size-default\">Proyectos<\/h2>\t\t\t\t<\/div>\n\t\t\t\t<\/div>\n\t\t\t\t<div class=\"elementor-element elementor-element-0524a6d elementor-widget elementor-widget-jet-listing-grid\" data-id=\"0524a6d\" data-element_type=\"widget\" data-e-type=\"widget\" data-settings=\"{&quot;columns&quot;:3,&quot;columns_mobile&quot;:&quot;1&quot;}\" data-widget_type=\"jet-listing-grid.default\">\n\t\t\t\t<div class=\"elementor-widget-container\">\n\t\t\t\t\t<div class=\"jet-listing-grid jet-listing\"><div class=\"jet-listing-grid__items grid-col-desk-3 grid-col-tablet-3 grid-col-mobile-1 jet-listing-grid--385\" data-queried-id=\"2828|WP_Post\" data-nav=\"{&quot;enabled&quot;:false,&quot;type&quot;:null,&quot;more_el&quot;:null,&quot;query&quot;:[],&quot;widget_settings&quot;:{&quot;lisitng_id&quot;:385,&quot;posts_num&quot;:3,&quot;columns&quot;:3,&quot;columns_tablet&quot;:3,&quot;columns_mobile&quot;:1,&quot;column_min_width&quot;:240,&quot;column_min_width_tablet&quot;:240,&quot;column_min_width_mobile&quot;:240,&quot;inline_columns_css&quot;:false,&quot;is_archive_template&quot;:&quot;&quot;,&quot;post_status&quot;:[&quot;publish&quot;],&quot;use_random_posts_num&quot;:&quot;&quot;,&quot;max_posts_num&quot;:9,&quot;not_found_message&quot;:&quot;No se encontraron datos&quot;,&quot;is_masonry&quot;:false,&quot;equal_columns_height&quot;:&quot;&quot;,&quot;use_load_more&quot;:&quot;&quot;,&quot;load_more_id&quot;:&quot;&quot;,&quot;load_more_type&quot;:&quot;click&quot;,&quot;load_more_offset&quot;:{&quot;unit&quot;:&quot;px&quot;,&quot;size&quot;:0,&quot;sizes&quot;:[]},&quot;use_custom_post_types&quot;:&quot;&quot;,&quot;custom_post_types&quot;:[&quot;projectes&quot;],&quot;hide_widget_if&quot;:&quot;&quot;,&quot;carousel_enabled&quot;:&quot;&quot;,&quot;slides_to_scroll&quot;:&quot;1&quot;,&quot;arrows&quot;:&quot;true&quot;,&quot;arrow_icon&quot;:&quot;fa fa-angle-left&quot;,&quot;dots&quot;:&quot;&quot;,&quot;autoplay&quot;:&quot;true&quot;,&quot;pause_on_hover&quot;:&quot;true&quot;,&quot;autoplay_speed&quot;:5000,&quot;infinite&quot;:&quot;true&quot;,&quot;center_mode&quot;:&quot;&quot;,&quot;effect&quot;:&quot;slide&quot;,&quot;speed&quot;:500,&quot;inject_alternative_items&quot;:&quot;&quot;,&quot;injection_items&quot;:[],&quot;scroll_slider_enabled&quot;:&quot;&quot;,&quot;scroll_slider_on&quot;:[&quot;desktop&quot;,&quot;tablet&quot;,&quot;mobile&quot;],&quot;custom_query&quot;:false,&quot;custom_query_id&quot;:&quot;&quot;,&quot;_element_id&quot;:&quot;&quot;,&quot;collapse_first_last_gap&quot;:false,&quot;list_tag_selection&quot;:&quot;&quot;,&quot;list_items_wrapper_tag&quot;:&quot;div&quot;,&quot;list_item_tag&quot;:&quot;div&quot;,&quot;empty_items_wrapper_tag&quot;:&quot;div&quot;}}\" data-page=\"1\" data-pages=\"2\" data-listing-source=\"posts\" data-listing-id=\"385\" data-query-id=\"\"><div class=\"jet-listing-grid__item jet-listing-dynamic-post-1106\" data-post-id=\"1106\"  ><style type=\"text\/css\">.jet-listing-dynamic-post-1106 .elementor-element.elementor-element-dd89eca:not(.elementor-motion-effects-element-type-background), .jet-listing-dynamic-post-1106 .elementor-element.elementor-element-dd89eca > .elementor-motion-effects-container > .elementor-motion-effects-layer{background-image:url(\"https:\/\/tfclima.com\/wp-content\/uploads\/2021\/11\/flors-terrades-stock.jpg\");}<\/style>\t\t<div data-elementor-type=\"jet-listing-items\" data-elementor-id=\"385\" class=\"elementor elementor-385\" data-elementor-post-type=\"jet-engine\">\n\t\t\t\t\t\t<section class=\"elementor-section elementor-top-section elementor-element elementor-element-dd89eca elementor-section-height-min-height ef elementor-section-boxed elementor-section-height-default elementor-section-items-middle\" data-id=\"dd89eca\" data-element_type=\"section\" data-e-type=\"section\" data-settings=\"{&quot;background_background&quot;:&quot;classic&quot;}\">\n\t\t\t\t\t\t\t<div class=\"elementor-background-overlay\"><\/div>\n\t\t\t\t\t\t\t<div class=\"elementor-container elementor-column-gap-default\">\n\t\t\t\t\t<div class=\"elementor-column elementor-col-100 elementor-top-column elementor-element elementor-element-cb2d577 et\" data-id=\"cb2d577\" data-element_type=\"column\" data-e-type=\"column\">\n\t\t\t<div class=\"elementor-widget-wrap elementor-element-populated\">\n\t\t\t\t\t\t<div class=\"elementor-element elementor-element-70706c6 elementor-widget elementor-widget-heading\" data-id=\"70706c6\" data-element_type=\"widget\" data-e-type=\"widget\" data-widget_type=\"heading.default\">\n\t\t\t\t<div class=\"elementor-widget-container\">\n\t\t\t\t\t<h3 class=\"elementor-heading-title elementor-size-default\">Flores Terrades<\/h3>\t\t\t\t<\/div>\n\t\t\t\t<\/div>\n\t\t\t\t\t<\/div>\n\t\t<\/div>\n\t\t\t\t\t<\/div>\n\t\t<\/section>\n\t\t\t\t<\/div>\n\t\t<\/div><div class=\"jet-listing-grid__item jet-listing-dynamic-post-1109\" data-post-id=\"1109\"  ><style type=\"text\/css\">.jet-listing-dynamic-post-1109 .elementor-element.elementor-element-dd89eca:not(.elementor-motion-effects-element-type-background), .jet-listing-dynamic-post-1109 .elementor-element.elementor-element-dd89eca > .elementor-motion-effects-container > .elementor-motion-effects-layer{background-image:url(\"https:\/\/tfclima.com\/wp-content\/uploads\/2021\/08\/casaMIro-stock.jpg\");}<\/style>\t\t<div data-elementor-type=\"jet-listing-items\" data-elementor-id=\"385\" class=\"elementor elementor-385\" data-elementor-post-type=\"jet-engine\">\n\t\t\t\t\t\t<section class=\"elementor-section elementor-top-section elementor-element elementor-element-dd89eca elementor-section-height-min-height ef elementor-section-boxed elementor-section-height-default elementor-section-items-middle\" data-id=\"dd89eca\" data-element_type=\"section\" data-e-type=\"section\" data-settings=\"{&quot;background_background&quot;:&quot;classic&quot;}\">\n\t\t\t\t\t\t\t<div class=\"elementor-background-overlay\"><\/div>\n\t\t\t\t\t\t\t<div class=\"elementor-container elementor-column-gap-default\">\n\t\t\t\t\t<div class=\"elementor-column elementor-col-100 elementor-top-column elementor-element elementor-element-cb2d577 et\" data-id=\"cb2d577\" data-element_type=\"column\" data-e-type=\"column\">\n\t\t\t<div class=\"elementor-widget-wrap elementor-element-populated\">\n\t\t\t\t\t\t<div class=\"elementor-element elementor-element-70706c6 elementor-widget elementor-widget-heading\" data-id=\"70706c6\" data-element_type=\"widget\" data-e-type=\"widget\" data-widget_type=\"heading.default\">\n\t\t\t\t<div class=\"elementor-widget-container\">\n\t\t\t\t\t<h3 class=\"elementor-heading-title elementor-size-default\">Casa Mir\u00f3<\/h3>\t\t\t\t<\/div>\n\t\t\t\t<\/div>\n\t\t\t\t\t<\/div>\n\t\t<\/div>\n\t\t\t\t\t<\/div>\n\t\t<\/section>\n\t\t\t\t<\/div>\n\t\t<\/div><div class=\"jet-listing-grid__item jet-listing-dynamic-post-1110\" data-post-id=\"1110\"  ><style type=\"text\/css\">.jet-listing-dynamic-post-1110 .elementor-element.elementor-element-dd89eca:not(.elementor-motion-effects-element-type-background), .jet-listing-dynamic-post-1110 .elementor-element.elementor-element-dd89eca > .elementor-motion-effects-container > .elementor-motion-effects-layer{background-image:url(\"https:\/\/tfclima.com\/wp-content\/uploads\/2021\/08\/Inst.catala-salut.jpg\");}<\/style>\t\t<div data-elementor-type=\"jet-listing-items\" data-elementor-id=\"385\" class=\"elementor elementor-385\" data-elementor-post-type=\"jet-engine\">\n\t\t\t\t\t\t<section class=\"elementor-section elementor-top-section elementor-element elementor-element-dd89eca elementor-section-height-min-height ef elementor-section-boxed elementor-section-height-default elementor-section-items-middle\" data-id=\"dd89eca\" data-element_type=\"section\" data-e-type=\"section\" data-settings=\"{&quot;background_background&quot;:&quot;classic&quot;}\">\n\t\t\t\t\t\t\t<div class=\"elementor-background-overlay\"><\/div>\n\t\t\t\t\t\t\t<div class=\"elementor-container elementor-column-gap-default\">\n\t\t\t\t\t<div class=\"elementor-column elementor-col-100 elementor-top-column elementor-element elementor-element-cb2d577 et\" data-id=\"cb2d577\" data-element_type=\"column\" data-e-type=\"column\">\n\t\t\t<div class=\"elementor-widget-wrap elementor-element-populated\">\n\t\t\t\t\t\t<div class=\"elementor-element elementor-element-70706c6 elementor-widget elementor-widget-heading\" data-id=\"70706c6\" data-element_type=\"widget\" data-e-type=\"widget\" data-widget_type=\"heading.default\">\n\t\t\t\t<div class=\"elementor-widget-container\">\n\t\t\t\t\t<h3 class=\"elementor-heading-title elementor-size-default\">Instituto Catal\u00e1n de la Salud<\/h3>\t\t\t\t<\/div>\n\t\t\t\t<\/div>\n\t\t\t\t\t<\/div>\n\t\t<\/div>\n\t\t\t\t\t<\/div>\n\t\t<\/section>\n\t\t\t\t<\/div>\n\t\t<\/div><\/div><\/div>\t\t\t\t<\/div>\n\t\t\t\t<\/div>\n\t\t\t\t<section class=\"elementor-section elementor-inner-section elementor-element elementor-element-3e017e0 elementor-section-boxed elementor-section-height-default elementor-section-height-default\" data-id=\"3e017e0\" data-element_type=\"section\" data-e-type=\"section\">\n\t\t\t\t\t\t<div class=\"elementor-container elementor-column-gap-default\">\n\t\t\t\t\t<div class=\"elementor-column elementor-col-50 elementor-inner-column elementor-element elementor-element-5c26e4c\" data-id=\"5c26e4c\" data-element_type=\"column\" data-e-type=\"column\">\n\t\t\t<div class=\"elementor-widget-wrap elementor-element-populated\">\n\t\t\t\t\t\t<div class=\"elementor-element elementor-element-9a29e7f elementor-widget elementor-widget-heading\" data-id=\"9a29e7f\" data-element_type=\"widget\" data-e-type=\"widget\" data-widget_type=\"heading.default\">\n\t\t\t\t<div class=\"elementor-widget-container\">\n\t\t\t\t\t<span class=\"elementor-heading-title elementor-size-default\"><a href=\"\/projectes\/\">VERLOS TODOS<\/a><\/span>\t\t\t\t<\/div>\n\t\t\t\t<\/div>\n\t\t\t\t\t<\/div>\n\t\t<\/div>\n\t\t\t\t<div class=\"elementor-column elementor-col-50 elementor-inner-column elementor-element elementor-element-88ddf69\" data-id=\"88ddf69\" data-element_type=\"column\" data-e-type=\"column\">\n\t\t\t<div class=\"elementor-widget-wrap elementor-element-populated\">\n\t\t\t\t\t\t<div class=\"elementor-element elementor-element-8a77313 elementor-widget elementor-widget-image\" data-id=\"8a77313\" data-element_type=\"widget\" data-e-type=\"widget\" data-widget_type=\"image.default\">\n\t\t\t\t<div class=\"elementor-widget-container\">\n\t\t\t\t\t\t\t\t\t\t\t\t\t\t\t\t<a href=\"\/projectes\/\">\n\t\t\t\t\t\t\t<img loading=\"lazy\" decoding=\"async\" width=\"60\" height=\"42\" src=\"https:\/\/tfclima.com\/wp-content\/uploads\/2021\/08\/picto_viento.svg\" class=\"attachment-large size-large wp-image-4223\" alt=\"Picto viento\" \/>\t\t\t\t\t\t\t\t<\/a>\n\t\t\t\t\t\t\t\t\t\t\t\t\t\t\t<\/div>\n\t\t\t\t<\/div>\n\t\t\t\t\t<\/div>\n\t\t<\/div>\n\t\t\t\t\t<\/div>\n\t\t<\/section>\n\t\t\t\t\t<\/div>\n\t\t<\/div>\n\t\t\t\t\t<\/div>\n\t\t<\/section>\n\t\t\t\t<\/div>\n\t\t","protected":false},"excerpt":{"rendered":"<p>Soluciones de instalaci\u00f3n, mantenimiento y reparaci\u00f3n de refrigeraci\u00f3n y congelaci\u00f3n adaptadas a cada necesidad. Ofrecemos servicio de instalaci\u00f3n y mantenimiento de maquinaria frigor\u00edfica, como c\u00e1maras frigor\u00edficas de conservaci\u00f3n, de congelaci\u00f3n, vitrinas expositoras, armarios refrigeradores&#8230; Tambi\u00e9n realizamos los estudios y c\u00e1lculos necesarios para que el montaje que se realice sea el m\u00e1s adecuado a las necesidades [&hellip;]<\/p>\n","protected":false},"author":5,"featured_media":0,"parent":0,"menu_order":0,"comment_status":"closed","ping_status":"closed","template":"","meta":{"footnotes":""},"class_list":["post-2828","page","type-page","status-publish","hentry"],"_links":{"self":[{"href":"https:\/\/tfclima.com\/es\/wp-json\/wp\/v2\/pages\/2828","targetHints":{"allow":["GET"]}}],"collection":[{"href":"https:\/\/tfclima.com\/es\/wp-json\/wp\/v2\/pages"}],"about":[{"href":"https:\/\/tfclima.com\/es\/wp-json\/wp\/v2\/types\/page"}],"author":[{"embeddable":true,"href":"https:\/\/tfclima.com\/es\/wp-json\/wp\/v2\/users\/5"}],"replies":[{"embeddable":true,"href":"https:\/\/tfclima.com\/es\/wp-json\/wp\/v2\/comments?post=2828"}],"version-history":[{"count":11,"href":"https:\/\/tfclima.com\/es\/wp-json\/wp\/v2\/pages\/2828\/revisions"}],"predecessor-version":[{"id":4263,"href":"https:\/\/tfclima.com\/es\/wp-json\/wp\/v2\/pages\/2828\/revisions\/4263"}],"wp:attachment":[{"href":"https:\/\/tfclima.com\/es\/wp-json\/wp\/v2\/media?parent=2828"}],"curies":[{"name":"wp","href":"https:\/\/api.w.org\/{rel}","templated":true}]}}