{"id":2390,"date":"2023-06-06T10:46:03","date_gmt":"2023-06-06T08:46:03","guid":{"rendered":"https:\/\/tfclima.com\/fred-industrial\/"},"modified":"2026-02-03T09:35:39","modified_gmt":"2026-02-03T08:35:39","slug":"refrigeracion","status":"publish","type":"page","link":"https:\/\/tfclima.com\/es\/refrigeracion\/","title":{"rendered":"Refrigeraci\u00f3n"},"content":{"rendered":"\t\t<div data-elementor-type=\"wp-page\" data-elementor-id=\"2390\" class=\"elementor elementor-2390 elementor-1638\" data-elementor-post-type=\"page\">\n\t\t\t\t\t\t<section class=\"elementor-section elementor-top-section elementor-element elementor-element-e001e32 elementor-section-height-min-height elementor-section-items-bottom elementor-section-boxed elementor-section-height-default\" data-id=\"e001e32\" data-element_type=\"section\" data-e-type=\"section\" data-settings=\"{&quot;background_background&quot;:&quot;classic&quot;}\">\n\t\t\t\t\t\t<div class=\"elementor-container elementor-column-gap-default\">\n\t\t\t\t\t<div class=\"elementor-column elementor-col-50 elementor-top-column elementor-element elementor-element-578c139\" data-id=\"578c139\" data-element_type=\"column\" data-e-type=\"column\">\n\t\t\t<div class=\"elementor-widget-wrap elementor-element-populated\">\n\t\t\t\t\t\t<div class=\"elementor-element elementor-element-d617fec elementor-widget elementor-widget-heading\" data-id=\"d617fec\" data-element_type=\"widget\" data-e-type=\"widget\" data-widget_type=\"heading.default\">\n\t\t\t\t<div class=\"elementor-widget-container\">\n\t\t\t\t\t<h1 class=\"elementor-heading-title elementor-size-default\">Refrigeraci\u00f3n<\/h1>\t\t\t\t<\/div>\n\t\t\t\t<\/div>\n\t\t\t\t<div class=\"elementor-element elementor-element-5d36bfb elementor-widget elementor-widget-text-editor\" data-id=\"5d36bfb\" data-element_type=\"widget\" data-e-type=\"widget\" data-widget_type=\"text-editor.default\">\n\t\t\t\t<div class=\"elementor-widget-container\">\n\t\t\t\t\t\t\t\t\t<p>Soluciones de instalaci\u00f3n, mantenimiento y reparaci\u00f3n de refrigeraci\u00f3n y congelaci\u00f3n adaptadas a cada necesidad.<\/p>\t\t\t\t\t\t\t\t<\/div>\n\t\t\t\t<\/div>\n\t\t\t\t<div class=\"elementor-element elementor-element-661e2bd elementor-widget elementor-widget-button\" data-id=\"661e2bd\" data-element_type=\"widget\" data-e-type=\"widget\" data-widget_type=\"button.default\">\n\t\t\t\t<div class=\"elementor-widget-container\">\n\t\t\t\t\t\t\t\t\t<div class=\"elementor-button-wrapper\">\n\t\t\t\t\t<a class=\"elementor-button elementor-button-link elementor-size-sm\" href=\"https:\/\/tfclima.com\/es\/contacto\/\">\n\t\t\t\t\t\t<span class=\"elementor-button-content-wrapper\">\n\t\t\t\t\t\t<span class=\"elementor-button-icon\">\n\t\t\t\t<i aria-hidden=\"true\" class=\"far fa-arrow-alt-circle-right\"><\/i>\t\t\t<\/span>\n\t\t\t\t\t\t\t\t\t<span class=\"elementor-button-text\">SOLICITA PRESUPUESTO<\/span>\n\t\t\t\t\t<\/span>\n\t\t\t\t\t<\/a>\n\t\t\t\t<\/div>\n\t\t\t\t\t\t\t\t<\/div>\n\t\t\t\t<\/div>\n\t\t\t\t\t<\/div>\n\t\t<\/div>\n\t\t\t\t<div class=\"elementor-column elementor-col-50 elementor-top-column elementor-element elementor-element-37258a1 elementor-hidden-phone\" data-id=\"37258a1\" data-element_type=\"column\" data-e-type=\"column\">\n\t\t\t<div class=\"elementor-widget-wrap\">\n\t\t\t\t\t\t\t<\/div>\n\t\t<\/div>\n\t\t\t\t\t<\/div>\n\t\t<\/section>\n\t\t\t\t<section class=\"elementor-section elementor-top-section elementor-element elementor-element-04a5a1a elementor-section-boxed elementor-section-height-default elementor-section-height-default\" data-id=\"04a5a1a\" data-element_type=\"section\" data-e-type=\"section\" data-settings=\"{&quot;background_background&quot;:&quot;classic&quot;}\">\n\t\t\t\t\t\t\t<div class=\"elementor-background-overlay\"><\/div>\n\t\t\t\t\t\t\t<div class=\"elementor-container elementor-column-gap-default\">\n\t\t\t\t\t<div class=\"elementor-column elementor-col-50 elementor-top-column elementor-element elementor-element-1c95bb0\" data-id=\"1c95bb0\" data-element_type=\"column\" data-e-type=\"column\">\n\t\t\t<div class=\"elementor-widget-wrap elementor-element-populated\">\n\t\t\t\t\t\t<div class=\"elementor-element elementor-element-0395f23 elementor-hidden-tablet elementor-hidden-phone elementor-widget elementor-widget-image\" data-id=\"0395f23\" data-element_type=\"widget\" data-e-type=\"widget\" data-widget_type=\"image.default\">\n\t\t\t\t<div class=\"elementor-widget-container\">\n\t\t\t\t\t\t\t\t\t\t\t\t\t\t\t<img fetchpriority=\"high\" decoding=\"async\" width=\"610\" height=\"480\" src=\"https:\/\/tfclima.com\/wp-content\/uploads\/2021\/08\/industrial1.jpg\" class=\"attachment-large size-large wp-image-4214\" alt=\"Refrigeraci\u00f3 industrial\" srcset=\"https:\/\/tfclima.com\/wp-content\/uploads\/2021\/08\/industrial1.jpg 610w, https:\/\/tfclima.com\/wp-content\/uploads\/2021\/08\/industrial1-300x236.jpg 300w, https:\/\/tfclima.com\/wp-content\/uploads\/2021\/08\/industrial1-570x450.jpg 570w, https:\/\/tfclima.com\/wp-content\/uploads\/2021\/08\/industrial1-600x472.jpg 600w\" sizes=\"(max-width: 610px) 100vw, 610px\" \/>\t\t\t\t\t\t\t\t\t\t\t\t\t\t\t<\/div>\n\t\t\t\t<\/div>\n\t\t\t\t<div class=\"elementor-element elementor-element-3352e05 elementor-hidden-desktop elementor-widget elementor-widget-image\" data-id=\"3352e05\" data-element_type=\"widget\" data-e-type=\"widget\" data-widget_type=\"image.default\">\n\t\t\t\t<div class=\"elementor-widget-container\">\n\t\t\t\t\t\t\t\t\t\t\t\t\t\t\t<img fetchpriority=\"high\" decoding=\"async\" width=\"610\" height=\"480\" src=\"https:\/\/tfclima.com\/wp-content\/uploads\/2021\/08\/industrial1.jpg\" class=\"attachment-large size-large wp-image-4214\" alt=\"Refrigeraci\u00f3 industrial\" srcset=\"https:\/\/tfclima.com\/wp-content\/uploads\/2021\/08\/industrial1.jpg 610w, https:\/\/tfclima.com\/wp-content\/uploads\/2021\/08\/industrial1-300x236.jpg 300w, https:\/\/tfclima.com\/wp-content\/uploads\/2021\/08\/industrial1-570x450.jpg 570w, https:\/\/tfclima.com\/wp-content\/uploads\/2021\/08\/industrial1-600x472.jpg 600w\" sizes=\"(max-width: 610px) 100vw, 610px\" \/>\t\t\t\t\t\t\t\t\t\t\t\t\t\t\t<\/div>\n\t\t\t\t<\/div>\n\t\t\t\t\t<\/div>\n\t\t<\/div>\n\t\t\t\t<div class=\"elementor-column elementor-col-50 elementor-top-column elementor-element elementor-element-14f5544\" data-id=\"14f5544\" data-element_type=\"column\" data-e-type=\"column\">\n\t\t\t<div class=\"elementor-widget-wrap elementor-element-populated\">\n\t\t\t\t\t\t<div class=\"elementor-element elementor-element-1036446 elementor-widget elementor-widget-heading\" data-id=\"1036446\" data-element_type=\"widget\" data-e-type=\"widget\" data-widget_type=\"heading.default\">\n\t\t\t\t<div class=\"elementor-widget-container\">\n\t\t\t\t\t<h2 class=\"elementor-heading-title elementor-size-default\">Instalaci\u00f3n<\/h2>\t\t\t\t<\/div>\n\t\t\t\t<\/div>\n\t\t\t\t<div class=\"elementor-element elementor-element-cbc2379 elementor-widget elementor-widget-text-editor\" data-id=\"cbc2379\" data-element_type=\"widget\" data-e-type=\"widget\" data-widget_type=\"text-editor.default\">\n\t\t\t\t<div class=\"elementor-widget-container\">\n\t\t\t\t\t\t\t\t\t<p>Realizamos los <strong>estudios y c\u00e1lculos<\/strong> necesarios para que el montaje que se realice sea el m\u00e1s adecuado a las necesidades de cada cliente, con un <strong>dise\u00f1o personalizado y a medida<\/strong>.<\/p><p>Montaje de <strong>paneles de c\u00e1maras frigor\u00edficas<\/strong> para el sector de la <strong>alimentaci\u00f3n, procesos industriales y flor<\/strong>.<\/p>\t\t\t\t\t\t\t\t<\/div>\n\t\t\t\t<\/div>\n\t\t\t\t<div class=\"elementor-element elementor-element-bfde10c elementor-widget elementor-widget-button\" data-id=\"bfde10c\" data-element_type=\"widget\" data-e-type=\"widget\" data-widget_type=\"button.default\">\n\t\t\t\t<div class=\"elementor-widget-container\">\n\t\t\t\t\t\t\t\t\t<div class=\"elementor-button-wrapper\">\n\t\t\t\t\t<a class=\"elementor-button elementor-button-link elementor-size-sm\" href=\"https:\/\/tfclima.com\/es\/instalacion-frio-industrial\/\">\n\t\t\t\t\t\t<span class=\"elementor-button-content-wrapper\">\n\t\t\t\t\t\t<span class=\"elementor-button-icon\">\n\t\t\t\t<i aria-hidden=\"true\" class=\"far fa-arrow-alt-circle-right\"><\/i>\t\t\t<\/span>\n\t\t\t\t\t\t\t\t\t<span class=\"elementor-button-text\">SABER M\u00c1S<\/span>\n\t\t\t\t\t<\/span>\n\t\t\t\t\t<\/a>\n\t\t\t\t<\/div>\n\t\t\t\t\t\t\t\t<\/div>\n\t\t\t\t<\/div>\n\t\t\t\t\t<\/div>\n\t\t<\/div>\n\t\t\t\t\t<\/div>\n\t\t<\/section>\n\t\t\t\t<section class=\"elementor-section elementor-top-section elementor-element elementor-element-5046375 elementor-section-boxed elementor-section-height-default elementor-section-height-default\" data-id=\"5046375\" data-element_type=\"section\" data-e-type=\"section\" data-settings=\"{&quot;background_background&quot;:&quot;classic&quot;}\">\n\t\t\t\t\t\t\t<div class=\"elementor-background-overlay\"><\/div>\n\t\t\t\t\t\t\t<div class=\"elementor-container elementor-column-gap-default\">\n\t\t\t\t\t<div class=\"elementor-column elementor-col-50 elementor-top-column elementor-element elementor-element-3b6b57b\" data-id=\"3b6b57b\" data-element_type=\"column\" data-e-type=\"column\">\n\t\t\t<div class=\"elementor-widget-wrap elementor-element-populated\">\n\t\t\t\t\t\t<div class=\"elementor-element elementor-element-5b71786 elementor-hidden-tablet elementor-hidden-phone elementor-widget elementor-widget-image\" data-id=\"5b71786\" data-element_type=\"widget\" data-e-type=\"widget\" data-widget_type=\"image.default\">\n\t\t\t\t<div class=\"elementor-widget-container\">\n\t\t\t\t\t\t\t\t\t\t\t\t\t\t\t<img decoding=\"async\" width=\"610\" height=\"658\" src=\"https:\/\/tfclima.com\/wp-content\/uploads\/2021\/08\/industrial2.jpg\" class=\"attachment-large size-large wp-image-597\" alt=\"Fred industrial\" srcset=\"https:\/\/tfclima.com\/wp-content\/uploads\/2021\/08\/industrial2.jpg 610w, https:\/\/tfclima.com\/wp-content\/uploads\/2021\/08\/industrial2-278x300.jpg 278w, https:\/\/tfclima.com\/wp-content\/uploads\/2021\/08\/industrial2-600x647.jpg 600w\" sizes=\"(max-width: 610px) 100vw, 610px\" \/>\t\t\t\t\t\t\t\t\t\t\t\t\t\t\t<\/div>\n\t\t\t\t<\/div>\n\t\t\t\t<div class=\"elementor-element elementor-element-583af47 elementor-hidden-desktop elementor-widget elementor-widget-image\" data-id=\"583af47\" data-element_type=\"widget\" data-e-type=\"widget\" data-widget_type=\"image.default\">\n\t\t\t\t<div class=\"elementor-widget-container\">\n\t\t\t\t\t\t\t\t\t\t\t\t\t\t\t<img decoding=\"async\" width=\"610\" height=\"658\" src=\"https:\/\/tfclima.com\/wp-content\/uploads\/2021\/08\/industrial2.jpg\" class=\"attachment-large size-large wp-image-597\" alt=\"Fred industrial\" srcset=\"https:\/\/tfclima.com\/wp-content\/uploads\/2021\/08\/industrial2.jpg 610w, https:\/\/tfclima.com\/wp-content\/uploads\/2021\/08\/industrial2-278x300.jpg 278w, https:\/\/tfclima.com\/wp-content\/uploads\/2021\/08\/industrial2-600x647.jpg 600w\" sizes=\"(max-width: 610px) 100vw, 610px\" \/>\t\t\t\t\t\t\t\t\t\t\t\t\t\t\t<\/div>\n\t\t\t\t<\/div>\n\t\t\t\t\t<\/div>\n\t\t<\/div>\n\t\t\t\t<div class=\"elementor-column elementor-col-50 elementor-top-column elementor-element elementor-element-a6cdbd4\" data-id=\"a6cdbd4\" data-element_type=\"column\" data-e-type=\"column\">\n\t\t\t<div class=\"elementor-widget-wrap elementor-element-populated\">\n\t\t\t\t\t\t<div class=\"elementor-element elementor-element-9c0780c elementor-widget elementor-widget-heading\" data-id=\"9c0780c\" data-element_type=\"widget\" data-e-type=\"widget\" data-widget_type=\"heading.default\">\n\t\t\t\t<div class=\"elementor-widget-container\">\n\t\t\t\t\t<h2 class=\"elementor-heading-title elementor-size-default\">Mantenimiento<\/h2>\t\t\t\t<\/div>\n\t\t\t\t<\/div>\n\t\t\t\t<div class=\"elementor-element elementor-element-ed27a5a elementor-widget elementor-widget-text-editor\" data-id=\"ed27a5a\" data-element_type=\"widget\" data-e-type=\"widget\" data-widget_type=\"text-editor.default\">\n\t\t\t\t<div class=\"elementor-widget-container\">\n\t\t\t\t\t\t\t\t\t<p data-start=\"137\" data-end=\"343\">Un sistema de fr\u00edo industrial es clave para garantizar la seguridad y la conservaci\u00f3n de los productos. Por ello, es esencial realizar revisiones peri\u00f3dicas que aseguren un funcionamiento \u00f3ptimo y continuo. <\/p><p data-start=\"345\" data-end=\"396\">Con nuestro servicio de mantenimiento conseguir\u00e1:<\/p><ul data-start=\"397\" data-end=\"581\"><li data-start=\"397\" data-end=\"445\"><p data-start=\"399\" data-end=\"445\">Alargar la vida \u00fatil de las instalaciones.<\/p><\/li><li data-start=\"446\" data-end=\"500\"><p data-start=\"448\" data-end=\"500\">Reducir el consumo energ\u00e9tico y los costes operativos.<\/p><\/li><li data-start=\"501\" data-end=\"581\"><p data-start=\"503\" data-end=\"581\">Evitar paradas inesperadas que puedan afectar a la producci\u00f3n o la distribuci\u00f3n.<\/p><\/li><\/ul><p data-start=\"583\" data-end=\"723\">Disponemos de un equipo t\u00e9cnico altamente cualificado que vela por la fiabilidad y la eficiencia de tus sistemas de fr\u00edo en cada intervenci\u00f3n.<\/p>\t\t\t\t\t\t\t\t<\/div>\n\t\t\t\t<\/div>\n\t\t\t\t<div class=\"elementor-element elementor-element-031f6ae elementor-widget elementor-widget-button\" data-id=\"031f6ae\" data-element_type=\"widget\" data-e-type=\"widget\" data-widget_type=\"button.default\">\n\t\t\t\t<div class=\"elementor-widget-container\">\n\t\t\t\t\t\t\t\t\t<div class=\"elementor-button-wrapper\">\n\t\t\t\t\t<a class=\"elementor-button elementor-button-link elementor-size-sm\" href=\"#form\">\n\t\t\t\t\t\t<span class=\"elementor-button-content-wrapper\">\n\t\t\t\t\t\t<span class=\"elementor-button-icon\">\n\t\t\t\t<i aria-hidden=\"true\" class=\"far fa-arrow-alt-circle-right\"><\/i>\t\t\t<\/span>\n\t\t\t\t\t\t\t\t\t<span class=\"elementor-button-text\">SABER M\u00c1S<\/span>\n\t\t\t\t\t<\/span>\n\t\t\t\t\t<\/a>\n\t\t\t\t<\/div>\n\t\t\t\t\t\t\t\t<\/div>\n\t\t\t\t<\/div>\n\t\t\t\t\t<\/div>\n\t\t<\/div>\n\t\t\t\t\t<\/div>\n\t\t<\/section>\n\t\t\t\t<section class=\"elementor-section elementor-top-section elementor-element elementor-element-096c2d6 elementor-section-boxed elementor-section-height-default elementor-section-height-default\" data-id=\"096c2d6\" data-element_type=\"section\" data-e-type=\"section\" data-settings=\"{&quot;background_background&quot;:&quot;classic&quot;}\">\n\t\t\t\t\t\t\t<div class=\"elementor-background-overlay\"><\/div>\n\t\t\t\t\t\t\t<div class=\"elementor-container elementor-column-gap-default\">\n\t\t\t\t\t<div class=\"elementor-column elementor-col-50 elementor-top-column elementor-element elementor-element-0ed7d6c\" data-id=\"0ed7d6c\" data-element_type=\"column\" data-e-type=\"column\">\n\t\t\t<div class=\"elementor-widget-wrap elementor-element-populated\">\n\t\t\t\t\t\t<div class=\"elementor-element elementor-element-133b222 elementor-hidden-tablet elementor-hidden-phone elementor-widget elementor-widget-image\" data-id=\"133b222\" data-element_type=\"widget\" data-e-type=\"widget\" data-widget_type=\"image.default\">\n\t\t\t\t<div class=\"elementor-widget-container\">\n\t\t\t\t\t\t\t\t\t\t\t\t\t\t\t<img decoding=\"async\" width=\"531\" height=\"729\" src=\"https:\/\/tfclima.com\/wp-content\/uploads\/2025\/11\/fred-industrial.webp\" class=\"attachment-large size-large wp-image-3818\" alt=\"Nau industrial amb instal\u00b7laci\u00f3 de refrigeraci\u00f3\" srcset=\"https:\/\/tfclima.com\/wp-content\/uploads\/2025\/11\/fred-industrial.webp 531w, https:\/\/tfclima.com\/wp-content\/uploads\/2025\/11\/fred-industrial-219x300.webp 219w\" sizes=\"(max-width: 531px) 100vw, 531px\" \/>\t\t\t\t\t\t\t\t\t\t\t\t\t\t\t<\/div>\n\t\t\t\t<\/div>\n\t\t\t\t<div class=\"elementor-element elementor-element-512d349 elementor-hidden-desktop elementor-widget__width-initial elementor-widget elementor-widget-image\" data-id=\"512d349\" data-element_type=\"widget\" data-e-type=\"widget\" data-widget_type=\"image.default\">\n\t\t\t\t<div class=\"elementor-widget-container\">\n\t\t\t\t\t\t\t\t\t\t\t\t\t\t\t<img decoding=\"async\" width=\"531\" height=\"729\" src=\"https:\/\/tfclima.com\/wp-content\/uploads\/2025\/11\/fred-industrial.webp\" class=\"attachment-large size-large wp-image-3818\" alt=\"Nau industrial amb instal\u00b7laci\u00f3 de refrigeraci\u00f3\" srcset=\"https:\/\/tfclima.com\/wp-content\/uploads\/2025\/11\/fred-industrial.webp 531w, https:\/\/tfclima.com\/wp-content\/uploads\/2025\/11\/fred-industrial-219x300.webp 219w\" sizes=\"(max-width: 531px) 100vw, 531px\" \/>\t\t\t\t\t\t\t\t\t\t\t\t\t\t\t<\/div>\n\t\t\t\t<\/div>\n\t\t\t\t\t<\/div>\n\t\t<\/div>\n\t\t\t\t<div class=\"elementor-column elementor-col-50 elementor-top-column elementor-element elementor-element-49b92e1\" data-id=\"49b92e1\" data-element_type=\"column\" data-e-type=\"column\">\n\t\t\t<div class=\"elementor-widget-wrap elementor-element-populated\">\n\t\t\t\t\t\t<div class=\"elementor-element elementor-element-d920118 elementor-widget elementor-widget-heading\" data-id=\"d920118\" data-element_type=\"widget\" data-e-type=\"widget\" data-widget_type=\"heading.default\">\n\t\t\t\t<div class=\"elementor-widget-container\">\n\t\t\t\t\t<h2 class=\"elementor-heading-title elementor-size-default\">Reparaci\u00f3n<\/h2>\t\t\t\t<\/div>\n\t\t\t\t<\/div>\n\t\t\t\t<div class=\"elementor-element elementor-element-d1dad08 elementor-widget__width-initial elementor-widget elementor-widget-text-editor\" data-id=\"d1dad08\" data-element_type=\"widget\" data-e-type=\"widget\" data-widget_type=\"text-editor.default\">\n\t\t\t\t<div class=\"elementor-widget-container\">\n\t\t\t\t\t\t\t\t\t<p data-start=\"127\" data-end=\"416\">Disponemos de un servicio especializado en la reparaci\u00f3n de instalaciones y equipos de fr\u00edo industrial.<\/p><p data-start=\"418\" data-end=\"666\">Ofrecemos un servicio de respuesta r\u00e1pida, con t\u00e9cnicos altamente cualificados que diagnostican y solucionan cualquier incidencia.<\/p><p data-start=\"668\" data-end=\"873\">Nuestro objetivo es <strong data-start=\"690\" data-end=\"785\">restablecer el funcionamiento de los equipos con la m\u00e1xima fiabilidad y en el menor tiempo posible<\/strong>, minimizando el impacto en la producci\u00f3n y garantizando la seguridad de la cadena de fr\u00edo.<\/p>\t\t\t\t\t\t\t\t<\/div>\n\t\t\t\t<\/div>\n\t\t\t\t<div class=\"elementor-element elementor-element-a70c2d5 elementor-widget elementor-widget-button\" data-id=\"a70c2d5\" data-element_type=\"widget\" data-e-type=\"widget\" data-widget_type=\"button.default\">\n\t\t\t\t<div class=\"elementor-widget-container\">\n\t\t\t\t\t\t\t\t\t<div class=\"elementor-button-wrapper\">\n\t\t\t\t\t<a class=\"elementor-button elementor-button-link elementor-size-sm\" href=\"#form\">\n\t\t\t\t\t\t<span class=\"elementor-button-content-wrapper\">\n\t\t\t\t\t\t<span class=\"elementor-button-icon\">\n\t\t\t\t<i aria-hidden=\"true\" class=\"far fa-arrow-alt-circle-right\"><\/i>\t\t\t<\/span>\n\t\t\t\t\t\t\t\t\t<span class=\"elementor-button-text\">SABER M\u00c1S<\/span>\n\t\t\t\t\t<\/span>\n\t\t\t\t\t<\/a>\n\t\t\t\t<\/div>\n\t\t\t\t\t\t\t\t<\/div>\n\t\t\t\t<\/div>\n\t\t\t\t\t<\/div>\n\t\t<\/div>\n\t\t\t\t\t<\/div>\n\t\t<\/section>\n\t\t\t\t<section class=\"elementor-section elementor-top-section elementor-element elementor-element-d9440a0 elementor-section-boxed elementor-section-height-default elementor-section-height-default\" data-id=\"d9440a0\" data-element_type=\"section\" data-e-type=\"section\">\n\t\t\t\t\t\t<div class=\"elementor-container elementor-column-gap-default\">\n\t\t\t\t\t<div class=\"elementor-column elementor-col-100 elementor-top-column elementor-element elementor-element-bcc0ca5\" data-id=\"bcc0ca5\" data-element_type=\"column\" data-e-type=\"column\">\n\t\t\t<div class=\"elementor-widget-wrap elementor-element-populated\">\n\t\t\t\t\t\t<section class=\"elementor-section elementor-inner-section elementor-element elementor-element-78c2fc3 elementor-section-boxed elementor-section-height-default elementor-section-height-default\" data-id=\"78c2fc3\" data-element_type=\"section\" data-e-type=\"section\">\n\t\t\t\t\t\t<div class=\"elementor-container elementor-column-gap-default\">\n\t\t\t\t\t<div class=\"elementor-column elementor-col-100 elementor-inner-column elementor-element elementor-element-4139830\" data-id=\"4139830\" data-element_type=\"column\" data-e-type=\"column\">\n\t\t\t<div class=\"elementor-widget-wrap elementor-element-populated\">\n\t\t\t\t\t\t<div class=\"elementor-element elementor-element-baab3d0 elementor-widget elementor-widget-heading\" data-id=\"baab3d0\" data-element_type=\"widget\" data-e-type=\"widget\" data-widget_type=\"heading.default\">\n\t\t\t\t<div class=\"elementor-widget-container\">\n\t\t\t\t\t<span class=\"elementor-heading-title elementor-size-default\">\nTecni Fred i Clima pone a su disposici\u00f3n sistemas de fr\u00edo industrial y servicios de instalaci\u00f3n, mantenimiento y asistencia t\u00e9cnica especializada.\nPida su presupuesto sin compromiso y encuentre la soluci\u00f3n de refrigeraci\u00f3n que mejor se adapta a las necesidades de su negocio.<\/span>\t\t\t\t<\/div>\n\t\t\t\t<\/div>\n\t\t\t\t\t<\/div>\n\t\t<\/div>\n\t\t\t\t\t<\/div>\n\t\t<\/section>\n\t\t\t\t\t<\/div>\n\t\t<\/div>\n\t\t\t\t\t<\/div>\n\t\t<\/section>\n\t\t\t\t<\/div>\n\t\t","protected":false},"excerpt":{"rendered":"<p>Refrigeraci\u00f3n Soluciones de instalaci\u00f3n, mantenimiento y reparaci\u00f3n de refrigeraci\u00f3n y congelaci\u00f3n adaptadas a cada necesidad. SOLICITA PRESUPUESTO Instalaci\u00f3n Realizamos los estudios y c\u00e1lculos necesarios para que el montaje que se realice sea el m\u00e1s adecuado a las necesidades de cada cliente, con un dise\u00f1o personalizado y a medida. Montaje de paneles de c\u00e1maras frigor\u00edficas para [&hellip;]<\/p>\n","protected":false},"author":5,"featured_media":0,"parent":0,"menu_order":0,"comment_status":"closed","ping_status":"closed","template":"","meta":{"footnotes":""},"class_list":["post-2390","page","type-page","status-publish","hentry"],"_links":{"self":[{"href":"https:\/\/tfclima.com\/es\/wp-json\/wp\/v2\/pages\/2390","targetHints":{"allow":["GET"]}}],"collection":[{"href":"https:\/\/tfclima.com\/es\/wp-json\/wp\/v2\/pages"}],"about":[{"href":"https:\/\/tfclima.com\/es\/wp-json\/wp\/v2\/types\/page"}],"author":[{"embeddable":true,"href":"https:\/\/tfclima.com\/es\/wp-json\/wp\/v2\/users\/5"}],"replies":[{"embeddable":true,"href":"https:\/\/tfclima.com\/es\/wp-json\/wp\/v2\/comments?post=2390"}],"version-history":[{"count":18,"href":"https:\/\/tfclima.com\/es\/wp-json\/wp\/v2\/pages\/2390\/revisions"}],"predecessor-version":[{"id":4245,"href":"https:\/\/tfclima.com\/es\/wp-json\/wp\/v2\/pages\/2390\/revisions\/4245"}],"wp:attachment":[{"href":"https:\/\/tfclima.com\/es\/wp-json\/wp\/v2\/media?parent=2390"}],"curies":[{"name":"wp","href":"https:\/\/api.w.org\/{rel}","templated":true}]}}