{"id":2386,"date":"2023-04-26T19:25:37","date_gmt":"2023-04-26T17:25:37","guid":{"rendered":"https:\/\/tfclima.com\/aire-condicionat\/"},"modified":"2026-02-03T10:10:21","modified_gmt":"2026-02-03T09:10:21","slug":"climatizacion","status":"publish","type":"page","link":"https:\/\/tfclima.com\/es\/climatizacion\/","title":{"rendered":"Climatizaci\u00f3n"},"content":{"rendered":"\t\t<div data-elementor-type=\"wp-page\" data-elementor-id=\"2386\" class=\"elementor elementor-2386 elementor-1443\" data-elementor-post-type=\"page\">\n\t\t\t\t\t\t<section class=\"elementor-section elementor-top-section elementor-element elementor-element-c37f3d4 elementor-section-height-min-height elementor-section-items-bottom elementor-section-boxed elementor-section-height-default\" data-id=\"c37f3d4\" data-element_type=\"section\" data-e-type=\"section\" data-settings=\"{&quot;background_background&quot;:&quot;classic&quot;}\">\n\t\t\t\t\t\t<div class=\"elementor-container elementor-column-gap-default\">\n\t\t\t\t\t<div class=\"elementor-column elementor-col-50 elementor-top-column elementor-element elementor-element-f74241f\" data-id=\"f74241f\" data-element_type=\"column\" data-e-type=\"column\">\n\t\t\t<div class=\"elementor-widget-wrap elementor-element-populated\">\n\t\t\t\t\t\t<div class=\"elementor-element elementor-element-f137638 elementor-widget elementor-widget-heading\" data-id=\"f137638\" data-element_type=\"widget\" data-e-type=\"widget\" data-widget_type=\"heading.default\">\n\t\t\t\t<div class=\"elementor-widget-container\">\n\t\t\t\t\t<h1 class=\"elementor-heading-title elementor-size-default\">Climatizaci\u00f3n<\/h1>\t\t\t\t<\/div>\n\t\t\t\t<\/div>\n\t\t\t\t<div class=\"elementor-element elementor-element-a38084c elementor-widget elementor-widget-text-editor\" data-id=\"a38084c\" data-element_type=\"widget\" data-e-type=\"widget\" data-widget_type=\"text-editor.default\">\n\t\t\t\t<div class=\"elementor-widget-container\">\n\t\t\t\t\t\t\t\t\t<p>Soluciones de climatizaci\u00f3n y ventilaci\u00f3n adaptadas<br>a cada necesidad<\/p>\t\t\t\t\t\t\t\t<\/div>\n\t\t\t\t<\/div>\n\t\t\t\t<div class=\"elementor-element elementor-element-1603627 elementor-widget elementor-widget-button\" data-id=\"1603627\" data-element_type=\"widget\" data-e-type=\"widget\" data-widget_type=\"button.default\">\n\t\t\t\t<div class=\"elementor-widget-container\">\n\t\t\t\t\t\t\t\t\t<div class=\"elementor-button-wrapper\">\n\t\t\t\t\t<a class=\"elementor-button elementor-button-link elementor-size-sm\" href=\"https:\/\/tfclima.com\/es\/contacto\/\">\n\t\t\t\t\t\t<span class=\"elementor-button-content-wrapper\">\n\t\t\t\t\t\t<span class=\"elementor-button-icon\">\n\t\t\t\t<i aria-hidden=\"true\" class=\"far fa-arrow-alt-circle-right\"><\/i>\t\t\t<\/span>\n\t\t\t\t\t\t\t\t\t<span class=\"elementor-button-text\">SOLICITA PRESUPUESTO<\/span>\n\t\t\t\t\t<\/span>\n\t\t\t\t\t<\/a>\n\t\t\t\t<\/div>\n\t\t\t\t\t\t\t\t<\/div>\n\t\t\t\t<\/div>\n\t\t\t\t\t<\/div>\n\t\t<\/div>\n\t\t\t\t<div class=\"elementor-column elementor-col-50 elementor-top-column elementor-element elementor-element-ebd26cb elementor-hidden-phone\" data-id=\"ebd26cb\" data-element_type=\"column\" data-e-type=\"column\">\n\t\t\t<div class=\"elementor-widget-wrap\">\n\t\t\t\t\t\t\t<\/div>\n\t\t<\/div>\n\t\t\t\t\t<\/div>\n\t\t<\/section>\n\t\t\t\t<section class=\"elementor-section elementor-top-section elementor-element elementor-element-b82db71 elementor-section-boxed elementor-section-height-default elementor-section-height-default\" data-id=\"b82db71\" data-element_type=\"section\" data-e-type=\"section\" data-settings=\"{&quot;background_background&quot;:&quot;classic&quot;}\">\n\t\t\t\t\t\t\t<div class=\"elementor-background-overlay\"><\/div>\n\t\t\t\t\t\t\t<div class=\"elementor-container elementor-column-gap-default\">\n\t\t\t\t\t<div class=\"elementor-column elementor-col-50 elementor-top-column elementor-element elementor-element-f31ebd0\" data-id=\"f31ebd0\" data-element_type=\"column\" data-e-type=\"column\">\n\t\t\t<div class=\"elementor-widget-wrap elementor-element-populated\">\n\t\t\t\t\t\t<div class=\"elementor-element elementor-element-5234003 elementor-hidden-tablet elementor-hidden-phone elementor-widget elementor-widget-image\" data-id=\"5234003\" data-element_type=\"widget\" data-e-type=\"widget\" data-widget_type=\"image.default\">\n\t\t\t\t<div class=\"elementor-widget-container\">\n\t\t\t\t\t\t\t\t\t\t\t\t\t\t\t<img fetchpriority=\"high\" decoding=\"async\" width=\"938\" height=\"630\" src=\"https:\/\/tfclima.com\/wp-content\/uploads\/2025\/11\/procedimentsbasics.webp\" class=\"attachment-large size-large wp-image-3977\" alt=\"Manteniment d&#039;aire condicionat\" srcset=\"https:\/\/tfclima.com\/wp-content\/uploads\/2025\/11\/procedimentsbasics.webp 938w, https:\/\/tfclima.com\/wp-content\/uploads\/2025\/11\/procedimentsbasics-300x201.webp 300w, https:\/\/tfclima.com\/wp-content\/uploads\/2025\/11\/procedimentsbasics-768x516.webp 768w, https:\/\/tfclima.com\/wp-content\/uploads\/2025\/11\/procedimentsbasics-600x403.webp 600w\" sizes=\"(max-width: 938px) 100vw, 938px\" \/>\t\t\t\t\t\t\t\t\t\t\t\t\t\t\t<\/div>\n\t\t\t\t<\/div>\n\t\t\t\t<div class=\"elementor-element elementor-element-39b7a13 elementor-hidden-desktop elementor-widget elementor-widget-image\" data-id=\"39b7a13\" data-element_type=\"widget\" data-e-type=\"widget\" data-widget_type=\"image.default\">\n\t\t\t\t<div class=\"elementor-widget-container\">\n\t\t\t\t\t\t\t\t\t\t\t\t\t\t\t<img decoding=\"async\" width=\"531\" height=\"729\" src=\"https:\/\/tfclima.com\/wp-content\/uploads\/2025\/11\/manteniment-daire-condicionat.webp\" class=\"attachment-large size-large wp-image-3978\" alt=\"Manteniment d&#039;aire condicionat\" srcset=\"https:\/\/tfclima.com\/wp-content\/uploads\/2025\/11\/manteniment-daire-condicionat.webp 531w, https:\/\/tfclima.com\/wp-content\/uploads\/2025\/11\/manteniment-daire-condicionat-219x300.webp 219w\" sizes=\"(max-width: 531px) 100vw, 531px\" \/>\t\t\t\t\t\t\t\t\t\t\t\t\t\t\t<\/div>\n\t\t\t\t<\/div>\n\t\t\t\t\t<\/div>\n\t\t<\/div>\n\t\t\t\t<div class=\"elementor-column elementor-col-50 elementor-top-column elementor-element elementor-element-0fc130c\" data-id=\"0fc130c\" data-element_type=\"column\" data-e-type=\"column\">\n\t\t\t<div class=\"elementor-widget-wrap elementor-element-populated\">\n\t\t\t\t\t\t<div class=\"elementor-element elementor-element-3cd5b41 elementor-widget elementor-widget-heading\" data-id=\"3cd5b41\" data-element_type=\"widget\" data-e-type=\"widget\" data-widget_type=\"heading.default\">\n\t\t\t\t<div class=\"elementor-widget-container\">\n\t\t\t\t\t<h2 class=\"elementor-heading-title elementor-size-default\">Instalaci\u00f3n<\/h2>\t\t\t\t<\/div>\n\t\t\t\t<\/div>\n\t\t\t\t<div class=\"elementor-element elementor-element-a12f672 elementor-widget elementor-widget-text-editor\" data-id=\"a12f672\" data-element_type=\"widget\" data-e-type=\"widget\" data-widget_type=\"text-editor.default\">\n\t\t\t\t<div class=\"elementor-widget-container\">\n\t\t\t\t\t\t\t\t\t<p>Instalamos aire acondicionado tanto en <strong>el \u00e1mbito dom\u00e9stico como en el industrial o comercial<\/strong> (viviendas, oficinas, f\u00e1bricas, salas de inform\u00e1tica). Suministramos equipos de tipo: splits, cassettes, conductos, VRV, etc. Tambi\u00e9n realizamos <strong>montajes en plantas enfriadoras con fan-coils.<\/strong><\/p>\t\t\t\t\t\t\t\t<\/div>\n\t\t\t\t<\/div>\n\t\t\t\t<div class=\"elementor-element elementor-element-54d8733 elementor-widget elementor-widget-button\" data-id=\"54d8733\" data-element_type=\"widget\" data-e-type=\"widget\" data-widget_type=\"button.default\">\n\t\t\t\t<div class=\"elementor-widget-container\">\n\t\t\t\t\t\t\t\t\t<div class=\"elementor-button-wrapper\">\n\t\t\t\t\t<a class=\"elementor-button elementor-button-link elementor-size-sm\" href=\"https:\/\/tfclima.com\/es\/instalacion-aire-condicionado\/\">\n\t\t\t\t\t\t<span class=\"elementor-button-content-wrapper\">\n\t\t\t\t\t\t<span class=\"elementor-button-icon\">\n\t\t\t\t<i aria-hidden=\"true\" class=\"far fa-arrow-alt-circle-right\"><\/i>\t\t\t<\/span>\n\t\t\t\t\t\t\t\t\t<span class=\"elementor-button-text\">SABER M\u00c1S<\/span>\n\t\t\t\t\t<\/span>\n\t\t\t\t\t<\/a>\n\t\t\t\t<\/div>\n\t\t\t\t\t\t\t\t<\/div>\n\t\t\t\t<\/div>\n\t\t\t\t\t<\/div>\n\t\t<\/div>\n\t\t\t\t\t<\/div>\n\t\t<\/section>\n\t\t\t\t<section class=\"elementor-section elementor-top-section elementor-element elementor-element-c5bdfd3 elementor-section-boxed elementor-section-height-default elementor-section-height-default\" data-id=\"c5bdfd3\" data-element_type=\"section\" data-e-type=\"section\" data-settings=\"{&quot;background_background&quot;:&quot;classic&quot;}\">\n\t\t\t\t\t\t\t<div class=\"elementor-background-overlay\"><\/div>\n\t\t\t\t\t\t\t<div class=\"elementor-container elementor-column-gap-default\">\n\t\t\t\t\t<div class=\"elementor-column elementor-col-50 elementor-top-column elementor-element elementor-element-b5db600\" data-id=\"b5db600\" data-element_type=\"column\" data-e-type=\"column\">\n\t\t\t<div class=\"elementor-widget-wrap elementor-element-populated\">\n\t\t\t\t\t\t<div class=\"elementor-element elementor-element-6e2d463 elementor-hidden-tablet elementor-hidden-phone elementor-widget elementor-widget-image\" data-id=\"6e2d463\" data-element_type=\"widget\" data-e-type=\"widget\" data-widget_type=\"image.default\">\n\t\t\t\t<div class=\"elementor-widget-container\">\n\t\t\t\t\t\t\t\t\t\t\t\t\t\t\t<img decoding=\"async\" width=\"610\" height=\"480\" src=\"https:\/\/tfclima.com\/wp-content\/uploads\/2021\/08\/manteniment1.jpg\" class=\"attachment-large size-large wp-image-599\" alt=\"Manteniment d&#039;aire condicionat\" srcset=\"https:\/\/tfclima.com\/wp-content\/uploads\/2021\/08\/manteniment1.jpg 610w, https:\/\/tfclima.com\/wp-content\/uploads\/2021\/08\/manteniment1-300x236.jpg 300w, https:\/\/tfclima.com\/wp-content\/uploads\/2021\/08\/manteniment1-570x450.jpg 570w, https:\/\/tfclima.com\/wp-content\/uploads\/2021\/08\/manteniment1-600x472.jpg 600w\" sizes=\"(max-width: 610px) 100vw, 610px\" \/>\t\t\t\t\t\t\t\t\t\t\t\t\t\t\t<\/div>\n\t\t\t\t<\/div>\n\t\t\t\t<div class=\"elementor-element elementor-element-944c009 elementor-hidden-desktop elementor-widget elementor-widget-image\" data-id=\"944c009\" data-element_type=\"widget\" data-e-type=\"widget\" data-widget_type=\"image.default\">\n\t\t\t\t<div class=\"elementor-widget-container\">\n\t\t\t\t\t\t\t\t\t\t\t\t\t\t\t<img decoding=\"async\" width=\"610\" height=\"480\" src=\"https:\/\/tfclima.com\/wp-content\/uploads\/2021\/08\/manteniment1.jpg\" class=\"attachment-large size-large wp-image-599\" alt=\"Manteniment d&#039;aire condicionat\" srcset=\"https:\/\/tfclima.com\/wp-content\/uploads\/2021\/08\/manteniment1.jpg 610w, https:\/\/tfclima.com\/wp-content\/uploads\/2021\/08\/manteniment1-300x236.jpg 300w, https:\/\/tfclima.com\/wp-content\/uploads\/2021\/08\/manteniment1-570x450.jpg 570w, https:\/\/tfclima.com\/wp-content\/uploads\/2021\/08\/manteniment1-600x472.jpg 600w\" sizes=\"(max-width: 610px) 100vw, 610px\" \/>\t\t\t\t\t\t\t\t\t\t\t\t\t\t\t<\/div>\n\t\t\t\t<\/div>\n\t\t\t\t\t<\/div>\n\t\t<\/div>\n\t\t\t\t<div class=\"elementor-column elementor-col-50 elementor-top-column elementor-element elementor-element-cea1be6\" data-id=\"cea1be6\" data-element_type=\"column\" data-e-type=\"column\">\n\t\t\t<div class=\"elementor-widget-wrap elementor-element-populated\">\n\t\t\t\t\t\t<div class=\"elementor-element elementor-element-ba63a3c elementor-widget elementor-widget-heading\" data-id=\"ba63a3c\" data-element_type=\"widget\" data-e-type=\"widget\" data-widget_type=\"heading.default\">\n\t\t\t\t<div class=\"elementor-widget-container\">\n\t\t\t\t\t<h2 class=\"elementor-heading-title elementor-size-default\">Mantenimiento<\/h2>\t\t\t\t<\/div>\n\t\t\t\t<\/div>\n\t\t\t\t<div class=\"elementor-element elementor-element-a90add0 elementor-widget elementor-widget-text-editor\" data-id=\"a90add0\" data-element_type=\"widget\" data-e-type=\"widget\" data-widget_type=\"text-editor.default\">\n\t\t\t\t<div class=\"elementor-widget-container\">\n\t\t\t\t\t\t\t\t\t<p>Un buen sistema de climatizaci\u00f3n necesita revisiones peri\u00f3dicas para mantener su rendimiento.<\/p><p>Nuestro servicio de Mantenimiento asegura:<\/p><ul><li>Mayor vida \u00fatil del equipo.<\/li><li>Menor consumo energ\u00e9tico.<\/li><li>Prevenci\u00f3n de aver\u00edas inesperadas.<\/li><\/ul><p>Contamos con t\u00e9cnicos especializados que garantizan la m\u00e1xima fiabilidad y seguridad en cada intervenci\u00f3n.<\/p>\t\t\t\t\t\t\t\t<\/div>\n\t\t\t\t<\/div>\n\t\t\t\t<div class=\"elementor-element elementor-element-f1dc1dc elementor-widget elementor-widget-button\" data-id=\"f1dc1dc\" data-element_type=\"widget\" data-e-type=\"widget\" data-widget_type=\"button.default\">\n\t\t\t\t<div class=\"elementor-widget-container\">\n\t\t\t\t\t\t\t\t\t<div class=\"elementor-button-wrapper\">\n\t\t\t\t\t<a class=\"elementor-button elementor-button-link elementor-size-sm\" href=\"https:\/\/tfclima.com\/es\/mantenimiento-de-aire-acondicionado\/\">\n\t\t\t\t\t\t<span class=\"elementor-button-content-wrapper\">\n\t\t\t\t\t\t<span class=\"elementor-button-icon\">\n\t\t\t\t<i aria-hidden=\"true\" class=\"far fa-arrow-alt-circle-right\"><\/i>\t\t\t<\/span>\n\t\t\t\t\t\t\t\t\t<span class=\"elementor-button-text\">SABER M\u00c1S<\/span>\n\t\t\t\t\t<\/span>\n\t\t\t\t\t<\/a>\n\t\t\t\t<\/div>\n\t\t\t\t\t\t\t\t<\/div>\n\t\t\t\t<\/div>\n\t\t\t\t\t<\/div>\n\t\t<\/div>\n\t\t\t\t\t<\/div>\n\t\t<\/section>\n\t\t\t\t<section class=\"elementor-section elementor-top-section elementor-element elementor-element-9f5c864 elementor-section-boxed elementor-section-height-default elementor-section-height-default\" data-id=\"9f5c864\" data-element_type=\"section\" data-e-type=\"section\" data-settings=\"{&quot;background_background&quot;:&quot;classic&quot;}\">\n\t\t\t\t\t\t\t<div class=\"elementor-background-overlay\"><\/div>\n\t\t\t\t\t\t\t<div class=\"elementor-container elementor-column-gap-default\">\n\t\t\t\t\t<div class=\"elementor-column elementor-col-50 elementor-top-column elementor-element elementor-element-1dd9cc4\" data-id=\"1dd9cc4\" data-element_type=\"column\" data-e-type=\"column\">\n\t\t\t<div class=\"elementor-widget-wrap elementor-element-populated\">\n\t\t\t\t\t\t<div class=\"elementor-element elementor-element-3dd7ad7 elementor-hidden-tablet elementor-hidden-phone elementor-widget elementor-widget-image\" data-id=\"3dd7ad7\" data-element_type=\"widget\" data-e-type=\"widget\" data-widget_type=\"image.default\">\n\t\t\t\t<div class=\"elementor-widget-container\">\n\t\t\t\t\t\t\t\t\t\t\t\t\t\t\t<img loading=\"lazy\" decoding=\"async\" width=\"531\" height=\"729\" src=\"https:\/\/tfclima.com\/wp-content\/uploads\/2025\/11\/aire-condicionat.webp\" class=\"attachment-large size-large wp-image-3979\" alt=\"Motors d&#039;aire condicionat exteriors\" srcset=\"https:\/\/tfclima.com\/wp-content\/uploads\/2025\/11\/aire-condicionat.webp 531w, https:\/\/tfclima.com\/wp-content\/uploads\/2025\/11\/aire-condicionat-219x300.webp 219w\" sizes=\"(max-width: 531px) 100vw, 531px\" \/>\t\t\t\t\t\t\t\t\t\t\t\t\t\t\t<\/div>\n\t\t\t\t<\/div>\n\t\t\t\t<div class=\"elementor-element elementor-element-94d62d6 elementor-hidden-desktop elementor-widget__width-initial elementor-widget elementor-widget-image\" data-id=\"94d62d6\" data-element_type=\"widget\" data-e-type=\"widget\" data-widget_type=\"image.default\">\n\t\t\t\t<div class=\"elementor-widget-container\">\n\t\t\t\t\t\t\t\t\t\t\t\t\t\t\t<img loading=\"lazy\" decoding=\"async\" width=\"531\" height=\"729\" src=\"https:\/\/tfclima.com\/wp-content\/uploads\/2025\/11\/aire-condicionat.webp\" class=\"attachment-large size-large wp-image-3979\" alt=\"Motors d&#039;aire condicionat exteriors\" srcset=\"https:\/\/tfclima.com\/wp-content\/uploads\/2025\/11\/aire-condicionat.webp 531w, https:\/\/tfclima.com\/wp-content\/uploads\/2025\/11\/aire-condicionat-219x300.webp 219w\" sizes=\"(max-width: 531px) 100vw, 531px\" \/>\t\t\t\t\t\t\t\t\t\t\t\t\t\t\t<\/div>\n\t\t\t\t<\/div>\n\t\t\t\t\t<\/div>\n\t\t<\/div>\n\t\t\t\t<div class=\"elementor-column elementor-col-50 elementor-top-column elementor-element elementor-element-4d5e07c\" data-id=\"4d5e07c\" data-element_type=\"column\" data-e-type=\"column\">\n\t\t\t<div class=\"elementor-widget-wrap elementor-element-populated\">\n\t\t\t\t\t\t<div class=\"elementor-element elementor-element-c5c8143 elementor-widget elementor-widget-heading\" data-id=\"c5c8143\" data-element_type=\"widget\" data-e-type=\"widget\" data-widget_type=\"heading.default\">\n\t\t\t\t<div class=\"elementor-widget-container\">\n\t\t\t\t\t<h2 class=\"elementor-heading-title elementor-size-default\">Reparaci\u00f3n<\/h2>\t\t\t\t<\/div>\n\t\t\t\t<\/div>\n\t\t\t\t<div class=\"elementor-element elementor-element-d8b236a elementor-widget elementor-widget-text-editor\" data-id=\"d8b236a\" data-element_type=\"widget\" data-e-type=\"widget\" data-widget_type=\"text-editor.default\">\n\t\t\t\t<div class=\"elementor-widget-container\">\n\t\t\t\t\t\t\t\t\t<p>En <strong data-start=\"167\" data-end=\"189\">Tecni Fred i Clima<\/strong> somos especialistas en la reparaci\u00f3n de equipos de aire acondicionado de cualquier marca y modelo. Sabemos que una aver\u00eda puede generar incomodidades o paradas en tu negocio, y por eso ofrecemos un servicio r\u00e1pido, eficaz y con la m\u00e1xima garant\u00eda.<\/p>\t\t\t\t\t\t\t\t<\/div>\n\t\t\t\t<\/div>\n\t\t\t\t<div class=\"elementor-element elementor-element-b2b11d5 elementor-widget elementor-widget-button\" data-id=\"b2b11d5\" data-element_type=\"widget\" data-e-type=\"widget\" data-widget_type=\"button.default\">\n\t\t\t\t<div class=\"elementor-widget-container\">\n\t\t\t\t\t\t\t\t\t<div class=\"elementor-button-wrapper\">\n\t\t\t\t\t<a class=\"elementor-button elementor-button-link elementor-size-sm\" href=\"https:\/\/tfclima.com\/es\/reparacion-aire-acondicionado\/\">\n\t\t\t\t\t\t<span class=\"elementor-button-content-wrapper\">\n\t\t\t\t\t\t<span class=\"elementor-button-icon\">\n\t\t\t\t<i aria-hidden=\"true\" class=\"far fa-arrow-alt-circle-right\"><\/i>\t\t\t<\/span>\n\t\t\t\t\t\t\t\t\t<span class=\"elementor-button-text\">SABER M\u00c1S<\/span>\n\t\t\t\t\t<\/span>\n\t\t\t\t\t<\/a>\n\t\t\t\t<\/div>\n\t\t\t\t\t\t\t\t<\/div>\n\t\t\t\t<\/div>\n\t\t\t\t\t<\/div>\n\t\t<\/div>\n\t\t\t\t\t<\/div>\n\t\t<\/section>\n\t\t\t\t<section class=\"elementor-section elementor-top-section elementor-element elementor-element-1f6a0a2 elementor-section-boxed elementor-section-height-default elementor-section-height-default\" data-id=\"1f6a0a2\" data-element_type=\"section\" data-e-type=\"section\">\n\t\t\t\t\t\t<div class=\"elementor-container elementor-column-gap-default\">\n\t\t\t\t\t<div class=\"elementor-column elementor-col-100 elementor-top-column elementor-element elementor-element-a83a69f\" data-id=\"a83a69f\" data-element_type=\"column\" data-e-type=\"column\">\n\t\t\t<div class=\"elementor-widget-wrap elementor-element-populated\">\n\t\t\t\t\t\t<section class=\"elementor-section elementor-inner-section elementor-element elementor-element-6c526fb elementor-section-boxed elementor-section-height-default elementor-section-height-default\" data-id=\"6c526fb\" data-element_type=\"section\" data-e-type=\"section\">\n\t\t\t\t\t\t<div class=\"elementor-container elementor-column-gap-default\">\n\t\t\t\t\t<div class=\"elementor-column elementor-col-100 elementor-inner-column elementor-element elementor-element-0d1f959\" data-id=\"0d1f959\" data-element_type=\"column\" data-e-type=\"column\">\n\t\t\t<div class=\"elementor-widget-wrap elementor-element-populated\">\n\t\t\t\t\t\t<div class=\"elementor-element elementor-element-584e3e7 elementor-widget elementor-widget-heading\" data-id=\"584e3e7\" data-element_type=\"widget\" data-e-type=\"widget\" data-widget_type=\"heading.default\">\n\t\t\t\t<div class=\"elementor-widget-container\">\n\t\t\t\t\t<span class=\"elementor-heading-title elementor-size-default\">Tecni Fred i Clima pone a su disposici\u00f3n equipos de aire acondicionado y servicios de instalaci\u00f3n, mantenimiento y asistencia t\u00e9cnica.\n Solicite su presupuesto sin compromiso y descubra la soluci\u00f3n de climatizaci\u00f3n que mejor se adapta a sus necesidades.\n<\/span>\t\t\t\t<\/div>\n\t\t\t\t<\/div>\n\t\t\t\t\t<\/div>\n\t\t<\/div>\n\t\t\t\t\t<\/div>\n\t\t<\/section>\n\t\t\t\t\t<\/div>\n\t\t<\/div>\n\t\t\t\t\t<\/div>\n\t\t<\/section>\n\t\t\t\t<\/div>\n\t\t","protected":false},"excerpt":{"rendered":"<p>Soluciones de climatizaci\u00f3n y ventilaci\u00f3n adaptadasa cada necesidad SOLICITA PRESUPUESTO Instalaci\u00f3n Instalamos aire acondicionado tanto en el \u00e1mbito dom\u00e9stico como en el industrial o comercial (viviendas, oficinas, f\u00e1bricas, salas de inform\u00e1tica). Suministramos equipos de tipo: splits, cassettes, conductos, VRV, etc. Tambi\u00e9n realizamos montajes en plantas enfriadoras con fan-coils. SABER M\u00c1S Mantenimiento Un buen sistema de [&hellip;]<\/p>\n","protected":false},"author":5,"featured_media":0,"parent":0,"menu_order":0,"comment_status":"closed","ping_status":"closed","template":"","meta":{"footnotes":""},"class_list":["post-2386","page","type-page","status-publish","hentry"],"_links":{"self":[{"href":"https:\/\/tfclima.com\/es\/wp-json\/wp\/v2\/pages\/2386","targetHints":{"allow":["GET"]}}],"collection":[{"href":"https:\/\/tfclima.com\/es\/wp-json\/wp\/v2\/pages"}],"about":[{"href":"https:\/\/tfclima.com\/es\/wp-json\/wp\/v2\/types\/page"}],"author":[{"embeddable":true,"href":"https:\/\/tfclima.com\/es\/wp-json\/wp\/v2\/users\/5"}],"replies":[{"embeddable":true,"href":"https:\/\/tfclima.com\/es\/wp-json\/wp\/v2\/comments?post=2386"}],"version-history":[{"count":25,"href":"https:\/\/tfclima.com\/es\/wp-json\/wp\/v2\/pages\/2386\/revisions"}],"predecessor-version":[{"id":4277,"href":"https:\/\/tfclima.com\/es\/wp-json\/wp\/v2\/pages\/2386\/revisions\/4277"}],"wp:attachment":[{"href":"https:\/\/tfclima.com\/es\/wp-json\/wp\/v2\/media?parent=2386"}],"curies":[{"name":"wp","href":"https:\/\/api.w.org\/{rel}","templated":true}]}}