{"id":1407,"date":"2023-04-20T10:46:00","date_gmt":"2023-04-20T08:46:00","guid":{"rendered":"https:\/\/tfclima.com\/solicita-presupuesto\/"},"modified":"2026-02-03T09:36:07","modified_gmt":"2026-02-03T08:36:07","slug":"solicita-un-presupuesto","status":"publish","type":"page","link":"https:\/\/tfclima.com\/es\/solicita-un-presupuesto\/","title":{"rendered":"Solicita un Presupuesto"},"content":{"rendered":"\t\t<div data-elementor-type=\"wp-page\" data-elementor-id=\"1407\" class=\"elementor elementor-1407 elementor-1390\" data-elementor-post-type=\"page\">\n\t\t\t\t\t\t<section class=\"elementor-section elementor-top-section elementor-element elementor-element-fc9e204 elementor-section-boxed elementor-section-height-default elementor-section-height-default\" data-id=\"fc9e204\" data-element_type=\"section\" data-e-type=\"section\">\n\t\t\t\t\t\t<div class=\"elementor-container elementor-column-gap-default\">\n\t\t\t\t\t<div class=\"elementor-column elementor-col-100 elementor-top-column elementor-element elementor-element-54f42da\" data-id=\"54f42da\" data-element_type=\"column\" data-e-type=\"column\">\n\t\t\t<div class=\"elementor-widget-wrap elementor-element-populated\">\n\t\t\t\t\t\t<div class=\"elementor-element elementor-element-01bf87d elementor-widget elementor-widget-heading\" data-id=\"01bf87d\" data-element_type=\"widget\" data-e-type=\"widget\" data-widget_type=\"heading.default\">\n\t\t\t\t<div class=\"elementor-widget-container\">\n\t\t\t\t\t<h1 class=\"elementor-heading-title elementor-size-default\">Solicita tu Presupuesto sin compromiso<\/h1>\t\t\t\t<\/div>\n\t\t\t\t<\/div>\n\t\t\t\t<section class=\"elementor-section elementor-inner-section elementor-element elementor-element-16ec6a6 elementor-section-boxed elementor-section-height-default elementor-section-height-default\" data-id=\"16ec6a6\" data-element_type=\"section\" data-e-type=\"section\">\n\t\t\t\t\t\t<div class=\"elementor-container elementor-column-gap-default\">\n\t\t\t\t\t<div class=\"elementor-column elementor-col-33 elementor-inner-column elementor-element elementor-element-7155168\" data-id=\"7155168\" data-element_type=\"column\" data-e-type=\"column\">\n\t\t\t<div class=\"elementor-widget-wrap elementor-element-populated\">\n\t\t\t\t\t\t<div class=\"elementor-element elementor-element-5908920 elementor-view-default elementor-position-block-start elementor-mobile-position-block-start elementor-widget elementor-widget-icon-box\" data-id=\"5908920\" data-element_type=\"widget\" data-e-type=\"widget\" data-widget_type=\"icon-box.default\">\n\t\t\t\t<div class=\"elementor-widget-container\">\n\t\t\t\t\t\t\t<div class=\"elementor-icon-box-wrapper\">\n\n\t\t\t\t\t\t<div class=\"elementor-icon-box-icon\">\n\t\t\t\t<span  class=\"elementor-icon\">\n\t\t\t\t<svg xmlns=\"http:\/\/www.w3.org\/2000\/svg\" id=\"Capa_1\" height=\"512\" viewBox=\"0 0 512 512\" width=\"512\"><g id=\"XMLID_1096_\"><g id=\"XMLID_133_\"><path id=\"XMLID_149_\" d=\"m502 0h-492c-5.523 0-10 4.477-10 10v412c0 5.523 4.477 10 10 10h282.757l43.301 75c1.326 2.297 3.51 3.973 6.072 4.659.852.228 1.721.341 2.588.341 1.74 0 3.467-.455 5-1.34l62.65-36.171c4.783-2.761 6.422-8.878 3.66-13.66l-16.644-28.829h102.616c5.522 0 10-4.477 10-10v-412c0-5.523-4.478-10-10-10zm-10 20v60h-472v-60zm-143.622 468.34-51.962-90.001c-1.326-2.297-3.51-3.973-6.072-4.659-.852-.228-1.721-.341-2.588-.341-1.74 0-3.467.455-5 1.34l-16.752 9.672v-111.031l96.154 55.515-16.752 9.672c-4.783 2.761-6.422 8.878-3.66 13.66l51.962 90.001zm39.459-76.34-23.771-41.172 23.092-13.332c3.094-1.786 5-5.087 5-8.66s-1.906-6.874-5-8.66l-10.696-6.176h59.538c5.522 0 10-4.477 10-10v-136c0-5.523-4.478-10-10-10h-135c-5.522 0-10 4.477-10 10s4.478 10 10 10h125v116h-84.179l-80.818-46.66c-3.094-1.786-6.906-1.786-10 0s-5 5.087-5 8.66v38h-160.003v-116h125c5.523 0 10-4.477 10-10s-4.477-10-10-10h-135c-5.523 0-10 4.477-10 10v136c0 5.523 4.477 10 10 10h170.004v78h-226.004v-312h472v312z\"><\/path><path id=\"XMLID_152_\" d=\"m64 60c2.63 0 5.21-1.07 7.07-2.93s2.93-4.44 2.93-7.07-1.07-5.21-2.93-7.07-4.44-2.93-7.07-2.93-5.21 1.07-7.07 2.93-2.93 4.44-2.93 7.07 1.07 5.21 2.93 7.07 4.44 2.93 7.07 2.93z\"><\/path><path id=\"XMLID_153_\" d=\"m112 60c2.63 0 5.21-1.07 7.07-2.93s2.93-4.44 2.93-7.07-1.07-5.21-2.93-7.07-4.44-2.93-7.07-2.93-5.21 1.07-7.07 2.93-2.93 4.44-2.93 7.07 1.07 5.21 2.93 7.07 4.44 2.93 7.07 2.93z\"><\/path><path id=\"XMLID_1077_\" d=\"m160 60c2.63 0 5.21-1.07 7.07-2.93s2.93-4.44 2.93-7.07-1.07-5.21-2.93-7.07-4.44-2.93-7.07-2.93-5.21 1.07-7.07 2.93-2.93 4.44-2.93 7.07 1.07 5.21 2.93 7.07 4.44 2.93 7.07 2.93z\"><\/path><path id=\"XMLID_1087_\" d=\"m256 60h191.5c5.522 0 10-4.477 10-10s-4.478-10-10-10h-191.5c-5.523 0-10 4.477-10 10s4.477 10 10 10z\"><\/path><path id=\"XMLID_1088_\" d=\"m256 178c-2.63 0-5.21 1.07-7.07 2.93s-2.93 4.44-2.93 7.07 1.07 5.21 2.93 7.07 4.44 2.93 7.07 2.93 5.21-1.07 7.069-2.93c1.86-1.86 2.931-4.44 2.931-7.07s-1.07-5.21-2.931-7.07c-1.859-1.86-4.439-2.93-7.069-2.93z\"><\/path><\/g><\/g><\/svg>\t\t\t\t<\/span>\n\t\t\t<\/div>\n\t\t\t\n\t\t\t\t\t\t<div class=\"elementor-icon-box-content\">\n\n\t\t\t\t\t\t\t\t\t<h3 class=\"elementor-icon-box-title\">\n\t\t\t\t\t\t<span  >\n\t\t\t\t\t\t\t1. Rellena el formulario\t\t\t\t\t\t<\/span>\n\t\t\t\t\t<\/h3>\n\t\t\t\t\n\t\t\t\t\n\t\t\t<\/div>\n\t\t\t\n\t\t<\/div>\n\t\t\t\t\t\t<\/div>\n\t\t\t\t<\/div>\n\t\t\t\t\t<\/div>\n\t\t<\/div>\n\t\t\t\t<div class=\"elementor-column elementor-col-33 elementor-inner-column elementor-element elementor-element-9f92d79\" data-id=\"9f92d79\" data-element_type=\"column\" data-e-type=\"column\">\n\t\t\t<div class=\"elementor-widget-wrap elementor-element-populated\">\n\t\t\t\t\t\t<div class=\"elementor-element elementor-element-e86fb3c elementor-view-default elementor-position-block-start elementor-mobile-position-block-start elementor-widget elementor-widget-icon-box\" data-id=\"e86fb3c\" data-element_type=\"widget\" data-e-type=\"widget\" data-widget_type=\"icon-box.default\">\n\t\t\t\t<div class=\"elementor-widget-container\">\n\t\t\t\t\t\t\t<div class=\"elementor-icon-box-wrapper\">\n\n\t\t\t\t\t\t<div class=\"elementor-icon-box-icon\">\n\t\t\t\t<span  class=\"elementor-icon\">\n\t\t\t\t<svg xmlns=\"http:\/\/www.w3.org\/2000\/svg\" id=\"Capa_1\" height=\"512\" viewBox=\"0 0 512 512\" width=\"512\"><g id=\"XMLID_1750_\"><g id=\"XMLID_831_\"><path id=\"XMLID_834_\" d=\"m354.404 344.404h-30.689l-15.942-7.095v-19.357c22.321-12.297 39.832-32.285 48.944-56.368h13.676c32.567 0 59.063-26.496 59.063-59.063 0-21.029-11.056-39.515-27.652-49.982v-6.735c.001-80.397-65.407-145.804-145.804-145.804s-145.805 65.407-145.805 145.805v6.73c-16.6 10.467-27.659 28.954-27.659 49.986 0 32.567 26.496 59.063 59.063 59.063h13.683c9.112 24.083 26.623 44.071 48.944 56.368v19.277l-16.121 7.174h-30.51c-86.898.001-157.595 70.699-157.595 157.597 0 5.522 4.477 10 10 10h201c5.523 0 10-4.478 10-10s-4.477-10-10-10h-190.641c4.986-69.108 61.239-124.232 130.816-127.444-.026.084-.062.164-.086.248-.811 2.85-.316 5.912 1.35 8.362l47.305 69.544c1.676 2.464 4.363 4.052 7.329 4.332.314.029.628.044.941.044 2.639 0 5.186-1.045 7.07-2.929l40.827-40.827 40.826 40.827c1.884 1.884 4.432 2.929 7.07 2.929.312 0 .626-.015.94-.044 2.967-.28 5.654-1.868 7.33-4.332l47.306-69.544c1.666-2.449 2.16-5.513 1.35-8.362-.025-.087-.061-.168-.088-.254 69.66 3.125 126.006 58.284 130.996 127.451h-190.641c-5.522 0-10 4.478-10 10s4.478 10 10 10h201c5.522 0 10-4.478 10-10 0-86.899-70.697-157.597-157.596-157.597zm-10.967-188.787c-20.545-2.821-39.825-11.007-56.206-23.967-3.591-2.842-8.656-2.88-12.291-.091-21.482 16.482-47.18 25.194-74.314 25.194-10.89 0-21.628-1.451-32.029-4.27v-5.084c0-48.192 39.207-87.399 87.399-87.399s87.4 39.207 87.4 87.399c.001 0 .02 7.95.041 8.218zm26.957 85.968h-6.757v-78.127h6.757c21.54 0 39.063 17.523 39.063 39.064 0 21.539-17.523 39.063-39.063 39.063zm-114.394-221.585c68.957 0 125.124 55.769 125.789 124.572-3.689-.724-7.497-1.114-11.396-1.114h-7.077c-2.082-57.401-49.419-103.458-107.32-103.458s-105.238 46.057-107.32 103.458h-7.076c-3.896 0-7.701.389-11.389 1.113.666-68.802 56.833-124.571 125.789-124.571zm-107.644 221.585h-6.756c-21.54 0-39.063-17.524-39.063-39.064s17.523-39.064 39.063-39.064h6.757v78.128zm20-17.98v-50.54c10.536 2.448 21.341 3.688 32.27 3.688 29.018 0 56.629-8.565 80.319-24.845 18.62 13.124 40.042 21.272 62.691 23.886v48.349c-.057 9.374-1.593 18.403-4.386 26.866h-47.754c-4.132-11.684-15.284-20.08-28.364-20.08h-13.387c-16.586 0-30.079 13.494-30.079 30.08s13.493 30.08 30.079 30.08h13.387c13.081 0 24.233-8.396 28.364-20.08h38.188c-15.615 24.191-42.81 40.239-73.684 40.239-48.327 0-87.644-39.316-87.644-87.643zm104.857 37.404c0 5.559-4.521 10.08-10.08 10.08h-13.387c-5.558 0-10.079-4.521-10.079-10.08s4.521-10.08 10.079-10.08h13.387c5.558 0 10.08 4.521 10.08 10.08zm-17.213 70.239c11.056 0 21.726-1.678 31.773-4.788v16.722l-31.862 31.862-31.685-31.684v-16.9c10.048 3.11 20.718 4.788 31.774 4.788zm-46.515 90.223-33.778-49.658 33.692-14.994 32.369 32.369zm92.851 0-32.283-32.283 32.369-32.369 33.693 14.994z\"><\/path><path id=\"XMLID_843_\" d=\"m256 492c-2.63 0-5.21 1.069-7.07 2.93-1.86 1.86-2.93 4.44-2.93 7.07s1.069 5.21 2.93 7.069c1.86 1.86 4.44 2.931 7.07 2.931s5.21-1.07 7.069-2.931c1.861-1.859 2.931-4.439 2.931-7.069s-1.07-5.21-2.931-7.07c-1.859-1.861-4.439-2.93-7.069-2.93z\"><\/path><\/g><\/g><\/svg>\t\t\t\t<\/span>\n\t\t\t<\/div>\n\t\t\t\n\t\t\t\t\t\t<div class=\"elementor-icon-box-content\">\n\n\t\t\t\t\t\t\t\t\t<h3 class=\"elementor-icon-box-title\">\n\t\t\t\t\t\t<span  >\n\t\t\t\t\t\t\t2. Nos ponemos en contacto contigo\t\t\t\t\t\t<\/span>\n\t\t\t\t\t<\/h3>\n\t\t\t\t\n\t\t\t\t\n\t\t\t<\/div>\n\t\t\t\n\t\t<\/div>\n\t\t\t\t\t\t<\/div>\n\t\t\t\t<\/div>\n\t\t\t\t\t<\/div>\n\t\t<\/div>\n\t\t\t\t<div class=\"elementor-column elementor-col-33 elementor-inner-column elementor-element elementor-element-623991a\" data-id=\"623991a\" data-element_type=\"column\" data-e-type=\"column\">\n\t\t\t<div class=\"elementor-widget-wrap elementor-element-populated\">\n\t\t\t\t\t\t<div class=\"elementor-element elementor-element-a745ec4 elementor-view-default elementor-position-block-start elementor-mobile-position-block-start elementor-widget elementor-widget-icon-box\" data-id=\"a745ec4\" data-element_type=\"widget\" data-e-type=\"widget\" data-widget_type=\"icon-box.default\">\n\t\t\t\t<div class=\"elementor-widget-container\">\n\t\t\t\t\t\t\t<div class=\"elementor-icon-box-wrapper\">\n\n\t\t\t\t\t\t<div class=\"elementor-icon-box-icon\">\n\t\t\t\t<span  class=\"elementor-icon\">\n\t\t\t\t<svg xmlns=\"http:\/\/www.w3.org\/2000\/svg\" id=\"Capa_1\" height=\"512\" viewBox=\"0 0 512 512\" width=\"512\"><g id=\"XMLID_1188_\"><g id=\"XMLID_174_\"><path id=\"XMLID_175_\" d=\"m179.471 60h43.029c5.523 0 10-4.477 10-10s-4.477-10-10-10h-43.029c-5.523 0-10 4.477-10 10 0 5.522 4.477 10 10 10z\"><\/path><path id=\"XMLID_245_\" d=\"m201.158 448.303h-.211c-5.522 0-10 4.477-10 10s4.478 10 10 10h.211c5.522 0 10-4.477 10-10s-4.477-10-10-10z\"><\/path><path id=\"XMLID_248_\" d=\"m475 165.333h-100v-115.333c0-27.57-22.43-50-50-50h-248c-27.57 0-50 22.43-50 50v412c0 27.57 22.43 50 50 50h248c27.57 0 50-22.43 50-50v-115.333h100c5.522 0 10-4.477 10-10v-161.334c0-5.522-4.478-10-10-10zm-217.857 161.334 56.918-56.918c11.807 8.536 25.76 12.814 39.718 12.814 14.06 0 28.117-4.335 39.979-12.996l57.1 57.1zm193.714-141.334-63.248 63.248c-18.653 18.655-49.007 18.655-67.662 0l-63.247-63.248zm-207.857 14.585 56.302 56.303-56.302 56.303zm165.476 56.082 56.524-56.524v113.048zm-53.476 206c0 16.542-13.458 30-30 30h-248c-16.542 0-30-13.458-30-30v-412c0-16.542 13.458-30 30-30h248c16.542 0 30 13.458 30 30v115.333h-24v-75.333c0-5.523-4.478-10-10-10h-240c-5.522 0-10 4.477-10 10v121c0 5.523 4.478 10 10 10s10-4.477 10-10v-111h220v65.333h-78c-5.523 0-10 4.477-10 10v161.333c0 5.523 4.477 10 10 10h78v65.334h-220v-111c0-5.523-4.478-10-10-10s-10 4.477-10 10v121c0 5.523 4.478 10 10 10h240c5.522 0 10-4.477 10-10v-75.333h24z\"><\/path><path id=\"XMLID_253_\" d=\"m81 266c2.63 0 5.21-1.07 7.069-2.93 1.861-1.86 2.931-4.44 2.931-7.07s-1.07-5.21-2.931-7.07c-1.859-1.86-4.439-2.93-7.069-2.93s-5.21 1.07-7.07 2.93-2.93 4.44-2.93 7.07 1.069 5.21 2.93 7.07c1.86 1.86 4.44 2.93 7.07 2.93z\"><\/path><\/g><\/g><\/svg>\t\t\t\t<\/span>\n\t\t\t<\/div>\n\t\t\t\n\t\t\t\t\t\t<div class=\"elementor-icon-box-content\">\n\n\t\t\t\t\t\t\t\t\t<h3 class=\"elementor-icon-box-title\">\n\t\t\t\t\t\t<span  >\n\t\t\t\t\t\t\t3. Te enviamos presupuesto personalizado\t\t\t\t\t\t<\/span>\n\t\t\t\t\t<\/h3>\n\t\t\t\t\n\t\t\t\t\n\t\t\t<\/div>\n\t\t\t\n\t\t<\/div>\n\t\t\t\t\t\t<\/div>\n\t\t\t\t<\/div>\n\t\t\t\t\t<\/div>\n\t\t<\/div>\n\t\t\t\t\t<\/div>\n\t\t<\/section>\n\t\t\t\t\t<\/div>\n\t\t<\/div>\n\t\t\t\t\t<\/div>\n\t\t<\/section>\n\t\t\t\t<section class=\"elementor-section elementor-top-section elementor-element elementor-element-2187f5b elementor-section-full_width elementor-section-height-default elementor-section-height-default\" data-id=\"2187f5b\" data-element_type=\"section\" data-e-type=\"section\">\n\t\t\t\t\t\t<div class=\"elementor-container elementor-column-gap-default\">\n\t\t\t\t\t<div class=\"elementor-column elementor-col-50 elementor-top-column elementor-element elementor-element-5348173\" data-id=\"5348173\" data-element_type=\"column\" data-e-type=\"column\" data-settings=\"{&quot;background_background&quot;:&quot;classic&quot;}\">\n\t\t\t<div class=\"elementor-widget-wrap elementor-element-populated\">\n\t\t\t\t\t<div class=\"elementor-background-overlay\"><\/div>\n\t\t\t\t\t\t<div class=\"elementor-element elementor-element-b06f060 elementor-widget elementor-widget-html\" data-id=\"b06f060\" data-element_type=\"widget\" data-e-type=\"widget\" data-widget_type=\"html.default\">\n\t\t\t\t<div class=\"elementor-widget-container\">\n\t\t\t\t\t<!-- Google Fonts - Rubik -->\r\n<link href=\"https:\/\/fonts.googleapis.com\/css2?family=Rubik:wght@400;600&amp;display=swap\" rel=\"stylesheet\">\r\n\r\n<div style=\"max-width: 600px; margin: 2rem auto; padding: 2rem; background: #ffffff; border-radius: 1rem; box-shadow: 0 4px 20px rgba(0, 0, 0, 0.05); font-family: 'Rubik', sans-serif;\">\r\n  <h2 style=\"font-size: 1.8rem; margin-bottom: 1.5rem; color: #333; text-align: center; font-weight: 600;\">\r\n Solicita tu Presupuesto sin compromiso\r\n  <\/h2>\r\n  <ol style=\"list-style: none; padding: 0; margin: 0; counter-reset: steps;\">\r\n    <li style=\"display: flex; align-items: center; margin-bottom: 1.2rem; color: #333;\">\r\n      <span style=\"counter-increment: steps; background: #6db2e5; color: white; border-radius: 50%; width: 2rem; height: 2rem; display: inline-flex; align-items: center; justify-content: center; margin-right: 0.75rem; font-weight: 600;\">1<\/span>\r\n Rellena el formulario\r\n    <\/li>\r\n    <li style=\"display: flex; align-items: center; margin-bottom: 1.2rem; color: #333;\">\r\n      <span style=\"counter-increment: steps; background: #6db2e5; color: white; border-radius: 50%; width: 2rem; height: 2rem; display: inline-flex; align-items: center; justify-content: center; margin-right: 0.75rem; font-weight: 600;\">2<\/span>\r\n Nos ponemos en contacto contigo\r\n    <\/li>\r\n    <li style=\"display: flex; align-items: center; color: #333;\">\r\n      <span style=\"counter-increment: steps; background: #6db2e5; color: white; border-radius: 50%; width: 2rem; height: 2rem; display: inline-flex; align-items: center; justify-content: center; margin-right: 0.75rem; font-weight: 600;\">3<\/span>\r\n Te enviamos presupuesto personalizado\r\n    <\/li>\r\n  <\/ol>\r\n<\/div>\r\n\t\t\t\t<\/div>\n\t\t\t\t<\/div>\n\t\t\t\t<div class=\"elementor-element elementor-element-d06a635 elementor-widget__width-initial elementor-icon-list--layout-traditional elementor-list-item-link-full_width elementor-widget elementor-widget-icon-list\" data-id=\"d06a635\" data-element_type=\"widget\" data-e-type=\"widget\" data-widget_type=\"icon-list.default\">\n\t\t\t\t<div class=\"elementor-widget-container\">\n\t\t\t\t\t\t\t<ul class=\"elementor-icon-list-items\">\n\t\t\t\t\t\t\t<li class=\"elementor-icon-list-item\">\n\t\t\t\t\t\t\t\t\t\t\t<a href=\"tel:637907227\" target=\"_blank\">\n\n\t\t\t\t\t\t\t\t\t\t\t\t<span class=\"elementor-icon-list-icon\">\n\t\t\t\t\t\t\t<i aria-hidden=\"true\" class=\"fas fa-phone-alt\"><\/i>\t\t\t\t\t\t<\/span>\n\t\t\t\t\t\t\t\t\t\t<span class=\"elementor-icon-list-text\">93 790 72 27<\/span>\n\t\t\t\t\t\t\t\t\t\t\t<\/a>\n\t\t\t\t\t\t\t\t\t<\/li>\n\t\t\t\t\t\t\t\t<li class=\"elementor-icon-list-item\">\n\t\t\t\t\t\t\t\t\t\t\t<a href=\"mailto:contacta@tfclima.com\" target=\"_blank\">\n\n\t\t\t\t\t\t\t\t\t\t\t\t<span class=\"elementor-icon-list-icon\">\n\t\t\t\t\t\t\t<i aria-hidden=\"true\" class=\"far fa-envelope\"><\/i>\t\t\t\t\t\t<\/span>\n\t\t\t\t\t\t\t\t\t\t<span class=\"elementor-icon-list-text\">contacta@tfclima.com<\/span>\n\t\t\t\t\t\t\t\t\t\t\t<\/a>\n\t\t\t\t\t\t\t\t\t<\/li>\n\t\t\t\t\t\t\t\t<li class=\"elementor-icon-list-item\">\n\t\t\t\t\t\t\t\t\t\t\t<a href=\"https:\/\/maps.app.goo.gl\/PUB1xmDsXvLyRe566\" target=\"_blank\">\n\n\t\t\t\t\t\t\t\t\t\t\t\t<span class=\"elementor-icon-list-icon\">\n\t\t\t\t\t\t\t<i aria-hidden=\"true\" class=\"fas fa-map-marker-alt\"><\/i>\t\t\t\t\t\t<\/span>\n\t\t\t\t\t\t\t\t\t\t<span class=\"elementor-icon-list-text\">M\u00fasics Cassad\u00f3, 30-32 08304 Matar\u00f3<\/span>\n\t\t\t\t\t\t\t\t\t\t\t<\/a>\n\t\t\t\t\t\t\t\t\t<\/li>\n\t\t\t\t\t\t<\/ul>\n\t\t\t\t\t\t<\/div>\n\t\t\t\t<\/div>\n\t\t\t\t\t<\/div>\n\t\t<\/div>\n\t\t\t\t<div class=\"elementor-column elementor-col-50 elementor-top-column elementor-element elementor-element-84c5f7e\" data-id=\"84c5f7e\" data-element_type=\"column\" data-e-type=\"column\" data-settings=\"{&quot;background_background&quot;:&quot;classic&quot;}\">\n\t\t\t<div class=\"elementor-widget-wrap elementor-element-populated\">\n\t\t\t\t\t\t<div class=\"elementor-element elementor-element-55d559b elementor-widget elementor-widget-heading\" data-id=\"55d559b\" data-element_type=\"widget\" data-e-type=\"widget\" data-widget_type=\"heading.default\">\n\t\t\t\t<div class=\"elementor-widget-container\">\n\t\t\t\t\t<h2 class=\"elementor-heading-title elementor-size-default\">Solicita tu Presupuesto<\/h2>\t\t\t\t<\/div>\n\t\t\t\t<\/div>\n\t\t\t\t<div class=\"elementor-element elementor-element-139cba8 elementor-button-align-stretch elementor-widget elementor-widget-global elementor-global-2138 elementor-global-1380 elementor-widget-form\" data-id=\"139cba8\" data-element_type=\"widget\" data-e-type=\"widget\" data-settings=\"{&quot;step_next_label&quot;:&quot;Siguiente&quot;,&quot;step_previous_label&quot;:&quot;Anterior&quot;,&quot;button_width&quot;:&quot;100&quot;,&quot;step_type&quot;:&quot;number_text&quot;,&quot;step_icon_shape&quot;:&quot;circle&quot;}\" data-widget_type=\"form.default\">\n\t\t\t\t<div class=\"elementor-widget-container\">\n\t\t\t\t\t\t\t<form class=\"elementor-form\" method=\"post\" name=\"Nuevo formulario\" aria-label=\"Nuevo formulario\">\n\t\t\t<input type=\"hidden\" name=\"post_id\" value=\"1407\"\/>\n\t\t\t<input type=\"hidden\" name=\"form_id\" value=\"139cba8\"\/>\n\t\t\t<input type=\"hidden\" name=\"referer_title\" value=\"\" \/>\n\n\t\t\t\n\t\t\t<div class=\"elementor-form-fields-wrapper elementor-labels-above\">\n\t\t\t\t\t\t\t\t<div class=\"elementor-field-type-text elementor-field-group elementor-column elementor-field-group-name elementor-col-100\">\n\t\t\t\t\t\t\t\t\t\t\t\t<label for=\"form-field-name\" class=\"elementor-field-label\">\n\t\t\t\t\t\t\t\tNombre\t\t\t\t\t\t\t<\/label>\n\t\t\t\t\t\t\t\t\t\t\t\t\t\t<input size=\"1\" type=\"text\" name=\"form_fields[name]\" id=\"form-field-name\" class=\"elementor-field elementor-size-sm  elementor-field-textual\" placeholder=\"Nombre\">\n\t\t\t\t\t\t\t\t\t\t\t<\/div>\n\t\t\t\t\t\t\t\t<div class=\"elementor-field-type-email elementor-field-group elementor-column elementor-field-group-email elementor-col-100 elementor-field-required\">\n\t\t\t\t\t\t\t\t\t\t\t\t<label for=\"form-field-email\" class=\"elementor-field-label\">\n\t\t\t\t\t\t\t\tCorreo electr\u00f3nico\t\t\t\t\t\t\t<\/label>\n\t\t\t\t\t\t\t\t\t\t\t\t\t\t<input size=\"1\" type=\"email\" name=\"form_fields[email]\" id=\"form-field-email\" class=\"elementor-field elementor-size-sm  elementor-field-textual\" placeholder=\"Correo electr\u00f3nico\" required=\"required\">\n\t\t\t\t\t\t\t\t\t\t\t<\/div>\n\t\t\t\t\t\t\t\t<div class=\"elementor-field-type-textarea elementor-field-group elementor-column elementor-field-group-message elementor-col-100\">\n\t\t\t\t\t\t\t\t\t\t\t\t<label for=\"form-field-message\" class=\"elementor-field-label\">\n\t\t\t\t\t\t\t\tMensaje\t\t\t\t\t\t\t<\/label>\n\t\t\t\t\t\t<textarea class=\"elementor-field-textual elementor-field  elementor-size-sm\" name=\"form_fields[message]\" id=\"form-field-message\" rows=\"4\" placeholder=\"Mensaje\"><\/textarea>\t\t\t\t<\/div>\n\t\t\t\t\t\t\t\t<div class=\"elementor-field-group elementor-column elementor-field-type-submit elementor-col-100 e-form__buttons\">\n\t\t\t\t\t<button class=\"elementor-button elementor-size-sm\" type=\"submit\">\n\t\t\t\t\t\t<span class=\"elementor-button-content-wrapper\">\n\t\t\t\t\t\t\t\t\t\t\t\t\t\t\t\t\t\t\t\t\t\t<span class=\"elementor-button-text\">Enviar<\/span>\n\t\t\t\t\t\t\t\t\t\t\t\t\t<\/span>\n\t\t\t\t\t<\/button>\n\t\t\t\t<\/div>\n\t\t\t<\/div>\n\t\t<\/form>\n\t\t\t\t\t\t<\/div>\n\t\t\t\t<\/div>\n\t\t\t\t\t<\/div>\n\t\t<\/div>\n\t\t\t\t\t<\/div>\n\t\t<\/section>\n\t\t\t\t<section class=\"elementor-section elementor-top-section elementor-element elementor-element-471f6cc elementor-section-full_width elementor-section-height-default elementor-section-height-default\" data-id=\"471f6cc\" data-element_type=\"section\" data-e-type=\"section\">\n\t\t\t\t\t\t<div class=\"elementor-container elementor-column-gap-default\">\n\t\t\t\t\t<div class=\"elementor-column elementor-col-100 elementor-top-column elementor-element elementor-element-bb01920\" data-id=\"bb01920\" data-element_type=\"column\" data-e-type=\"column\">\n\t\t\t<div class=\"elementor-widget-wrap elementor-element-populated\">\n\t\t\t\t\t\t<div class=\"elementor-element elementor-element-9872762 elementor-widget elementor-widget-google_maps\" data-id=\"9872762\" data-element_type=\"widget\" data-e-type=\"widget\" data-widget_type=\"google_maps.default\">\n\t\t\t\t<div class=\"elementor-widget-container\">\n\t\t\t\t\t\t\t<div class=\"elementor-custom-embed\">\n\t\t\t<iframe loading=\"lazy\"\n\t\t\t\t\tsrc=\"https:\/\/maps.google.com\/maps?q=Tecni%20Fred%20i%20Clima%2C%20Carrer%20M%C3%BAsics%20Cassad%C3%B3%2C%2030-32%2C%2008304%20Matar%C3%B3%2C%20Barcelona&#038;t=m&#038;z=14&#038;output=embed&#038;iwloc=near\"\n\t\t\t\t\ttitle=\"Tecni Fred i Clima, Carrer M\u00fasics Cassad\u00f3, 30-32, 08304 Matar\u00f3, Barcelona\"\n\t\t\t\t\taria-label=\"Tecni Fred i Clima, Carrer M\u00fasics Cassad\u00f3, 30-32, 08304 Matar\u00f3, Barcelona\"\n\t\t\t><\/iframe>\n\t\t<\/div>\n\t\t\t\t\t\t<\/div>\n\t\t\t\t<\/div>\n\t\t\t\t\t<\/div>\n\t\t<\/div>\n\t\t\t\t\t<\/div>\n\t\t<\/section>\n\t\t\t\t<\/div>\n\t\t","protected":false},"excerpt":{"rendered":"<p>Solicita tu Presupuesto sin compromiso 1. Rellena el formulario 2. Nos ponemos en contacto contigo 3. Te enviamos presupuesto personalizado Solicita tu Presupuesto sin compromiso 1 Rellena el formulario 2 Nos ponemos en contacto contigo 3 Te enviamos presupuesto personalizado 93 790 72 27 contacta@tfclima.com M\u00fasics Cassad\u00f3, 30-32 08304 Matar\u00f3 Solicita tu Presupuesto<\/p>\n","protected":false},"author":5,"featured_media":0,"parent":0,"menu_order":0,"comment_status":"closed","ping_status":"closed","template":"","meta":{"footnotes":""},"class_list":["post-1407","page","type-page","status-publish","hentry"],"_links":{"self":[{"href":"https:\/\/tfclima.com\/es\/wp-json\/wp\/v2\/pages\/1407","targetHints":{"allow":["GET"]}}],"collection":[{"href":"https:\/\/tfclima.com\/es\/wp-json\/wp\/v2\/pages"}],"about":[{"href":"https:\/\/tfclima.com\/es\/wp-json\/wp\/v2\/types\/page"}],"author":[{"embeddable":true,"href":"https:\/\/tfclima.com\/es\/wp-json\/wp\/v2\/users\/5"}],"replies":[{"embeddable":true,"href":"https:\/\/tfclima.com\/es\/wp-json\/wp\/v2\/comments?post=1407"}],"version-history":[{"count":9,"href":"https:\/\/tfclima.com\/es\/wp-json\/wp\/v2\/pages\/1407\/revisions"}],"predecessor-version":[{"id":4255,"href":"https:\/\/tfclima.com\/es\/wp-json\/wp\/v2\/pages\/1407\/revisions\/4255"}],"wp:attachment":[{"href":"https:\/\/tfclima.com\/es\/wp-json\/wp\/v2\/media?parent=1407"}],"curies":[{"name":"wp","href":"https:\/\/api.w.org\/{rel}","templated":true}]}}