{"id":1238,"date":"2021-08-04T14:09:17","date_gmt":"2021-08-04T12:09:17","guid":{"rendered":"https:\/\/tfclima.com\/politica-de-privacitat\/"},"modified":"2025-12-18T09:16:14","modified_gmt":"2025-12-18T08:16:14","slug":"politica-de-privacidad","status":"publish","type":"page","link":"https:\/\/tfclima.com\/es\/politica-de-privacidad\/","title":{"rendered":"Pol\u00edtica de privacidad"},"content":{"rendered":"\t\t<div data-elementor-type=\"wp-page\" data-elementor-id=\"1238\" class=\"elementor elementor-1238 elementor-150\" data-elementor-post-type=\"page\">\n\t\t\t\t\t\t<section class=\"elementor-section elementor-top-section elementor-element elementor-element-33ec765 elementor-section-boxed elementor-section-height-default elementor-section-height-default\" data-id=\"33ec765\" data-element_type=\"section\" data-e-type=\"section\">\n\t\t\t\t\t\t<div class=\"elementor-container elementor-column-gap-default\">\n\t\t\t\t\t<div class=\"elementor-column elementor-col-100 elementor-top-column elementor-element elementor-element-119b49e\" data-id=\"119b49e\" data-element_type=\"column\" data-e-type=\"column\">\n\t\t\t<div class=\"elementor-widget-wrap elementor-element-populated\">\n\t\t\t\t\t\t<div class=\"elementor-element elementor-element-a1b5510 elementor-widget elementor-widget-text-editor\" data-id=\"a1b5510\" data-element_type=\"widget\" data-e-type=\"widget\" data-widget_type=\"text-editor.default\">\n\t\t\t\t<div class=\"elementor-widget-container\">\n\t\t\t\t\t\t\t\t\t<h1>POL\u00cdTICA DE PRIVACIDAD<\/h1><ol><li><strong><u>POL\u00cdTICA DE PRIVACIDAD<\/u><\/strong><\/li><\/ol><p>De conformidad con lo que establece el RGPD-UE-2016\/679; el LOPD 3\/2018, de Garant\u00eda de los Derechos Digitales; la Ley 34\/2002, con la \u00faltima actualizaci\u00f3n, 09\/05\/2023, de Servicios de la Sociedad de la Informaci\u00f3n y el Comercio Electr\u00f3nico; y la Ley 11\/2022, General de Telecomunicaciones, <strong>TECNI FRED I CLIMA, SL<\/strong> informa a los usuarios de sus sitios web que estamos obligados a guardar secreto profesional sobre los datos personales que la entidad recoja mediante los formularios de registro o contacto de sus p\u00e1ginas. Esta obligaci\u00f3n se mantendr\u00e1 incluso despu\u00e9s de haber finalizado nuestra relaci\u00f3n comercial o contractual y en ning\u00fan caso podremos hacer p\u00fablicos los datos personales de los visitantes y clientes en la web sin su consentimiento. <\/p><ol start=\"2\"><li><strong><u>CONSENTIMIENTO DEL INTERESADO<\/u><\/strong><\/li><\/ol><p>Para poder llevar a cabo el tratamiento de sus datos personales con privacidad y seguridad, es necesario disponer de su consentimiento, en cumplimiento de lo que establece el RGPD-UE-2016\/679, art\u00edculos 5, 6, 7 y 13; el LOPDDDD-3\/2018, en su T\u00edtulo II; y la Ley 1\/2019, de secretos Empresariales. El responsable del tratamiento de los datos ser\u00e1 <strong>TECNI FRED I CLIMA, SL<\/strong>, que tratar\u00e1 la informaci\u00f3n de forma l\u00edcita, leal y transparente en relaci\u00f3n con el interesado, con finalidades determinadas, expl\u00edcitas y leg\u00edtimas. Los datos e informaci\u00f3n ser\u00e1n tratados de tal forma que se garantice una seguridad adecuada mediante la aplicaci\u00f3n de medidas t\u00e9cnicas y organizativas apropiadas.  <\/p><p>S\u00f3lo se ceder\u00e1n los datos del interesado por obligaci\u00f3n legal, y tendr\u00e1 derecho a presentar reclamaci\u00f3n ante la Autoridad de Control pertinente.<\/p><p>En caso de violaci\u00f3n de la seguridad de los datos personales, arte. 33 del RGPD, el responsable del tratamiento la notificar\u00e1 a la autoridad de control competente, de conformidad con lo establecido en el art\u00edculo 55, sin dilaci\u00f3n indebida y, a ser posible, no m\u00e1s tarde de 72 horas despu\u00e9s de haber tenido constancia.<\/p><p>Al contactar o registrarse en esta web, <strong>https:\/\/tfclima.com\/<\/strong>, usted cede sus datos personales o jur\u00eddicos para la gesti\u00f3n de sus datos como usuario. Mediante <strong>Check Box o Bot\u00f3n<\/strong> en el formulario de <strong>Contacto<\/strong>, acepta los t\u00e9rminos y condiciones del tratamiento de sus datos personales. <\/p><p>El interesado tendr\u00e1 derecho a retirar su consentimiento en cualquier momento. La retirada del consentimiento no afectar\u00e1 a la licitud del tratamiento basada en el consentimiento previo a su retirada. <\/p><ol start=\"3\"><li><strong><u>POL\u00cdTICA DE ENLACES Y EXENCIONES DE RESPONSABILIDAD<\/u><\/strong><\/li><\/ol><p><strong>TECNI FRED I CLIMA, SL<\/strong> no se hace responsable del contenido de las p\u00e1ginas web a las que pueda acceder el <strong>Usuario <\/strong>a trav\u00e9s de los enlaces establecidos en sus sitios web y declara que en ning\u00fan caso examinar\u00e1 ni ejercer\u00e1 ning\u00fan tipo de control sobre el contenido de otras p\u00e1ginas de la red.<\/p><p>Asimismo, tampoco garantiza la disponibilidad t\u00e9cnica, exactitud, veracidad, validez o legalidad de p\u00e1ginas ajenas a su propiedad a las que se pueda acceder a trav\u00e9s de los enlaces de esta web.<\/p><p><strong>TECNI FRED I CLIMA, SL<\/strong> declara que ha adoptado todas las medidas necesarias para evitar cualquier da\u00f1o que pueda derivarse de la navegaci\u00f3n por sus p\u00e1ginas web. En consecuencia, <strong>TECNI FRED I CLIMA, SL<\/strong>, no se hace responsable, en ning\u00fan caso, de los eventuales da\u00f1os que pueda sufrir el <strong>Usuario <\/strong>a causa de la navegaci\u00f3n por Internet. <\/p><p><strong>TECNI FRED I CLIMA, SL<\/strong>, no se responsabiliza de los da\u00f1os o perjuicios de cualquier tipo producidos en el <strong>Usuario <\/strong>que lleven causa de errores o desconexiones a las redes de telecomunicaciones que produzcan la suspensi\u00f3n, cancelaci\u00f3n o interrupci\u00f3n del servicio de la web durante la prestaci\u00f3n del mismo o con car\u00e1cter previo.<\/p><p>El acceso a la web <strong>https:\/\/tfclima.com\/<\/strong> no implica la obligaci\u00f3n por parte de la entidad de controlar la ausencia de virus o cualquier otro elemento inform\u00e1tico malicioso. Corresponde al <strong>Usuario<\/strong>, en cualquier caso, la disponibilidad de herramientas adecuadas para la detecci\u00f3n, desinfecci\u00f3n y protecci\u00f3n contra programas inform\u00e1ticos da\u00f1inos. <\/p><p><strong>TECNI FRED I CLIMA, SL<\/strong>,<strong> <\/strong>no se responsabiliza de los da\u00f1os producidos en los equipos inform\u00e1ticos, documentos y\/o ficheros de los <strong>Usuarios <\/strong>o de terceros durante la prestaci\u00f3n del servicio en el mismo el portal web.<\/p><ol start=\"4\"><li><strong><u>PUBLICIDAD<\/u><\/strong><\/li><\/ol><p>La Web <strong>https:\/\/tfclima.com\/<\/strong> podr\u00e1 alojar contenidos publicitarios o patrocinados. Los anunciantes o patrocinadores son los \u00fanicos responsables de asegurar que el material remitido para su inclusi\u00f3n en la Web cumple con las leyes que en cada caso puedan ser de aplicaci\u00f3n. <\/p><p><strong>TECNI FRED I CLIMA, SL<\/strong> no ser\u00e1 responsable de cualquier error, inexactitud o irregularidad que puedan contener los contenidos publicitarios o de los patrocinadores de esta p\u00e1gina web.<\/p><ol start=\"5\"><li><strong><u>MODIFICACIONES<\/u><\/strong><\/li><\/ol><p><strong>TECNI FRED I CLIMA, SL<\/strong>, se reserva el derecho a realizar las modificaciones que considere oportunas, sin previo aviso, en el contenido de sus sitios web, tanto en lo que se refiere a los contenidos como por sus condiciones de uso o por las condiciones generales de contrataci\u00f3n. Estas modificaciones podr\u00e1n realizarse, a trav\u00e9s de sus sitios web, de cualquier forma admisible en derecho y ser\u00e1n de obligado cumplimiento durante el tiempo que est\u00e9n publicadas en la web y hasta que no sean modificadas por otras posteriores. <\/p><ol start=\"6\"><li><strong><u>PROPIEDAD INTELECTUAL<\/u><\/strong><\/li><\/ol><p>Los derechos de propiedad intelectual e industrial derivados de todos los textos, im\u00e1genes, as\u00ed como de los medios y formas de presentaci\u00f3n y montaje de sus p\u00e1ginas pertenecen, por s\u00ed mismos o como cesionaria a <strong>TECNI FRED I CLIMA, SL.<\/strong> Ser\u00e1n, por tanto, obras protegidas como propiedad intelectual por el ordenamiento jur\u00eddico espa\u00f1ol y se les podr\u00e1 aplicar tanto la normativa espa\u00f1ola y comunitaria en este \u00e1mbito, como los tratados internacionales relativos a la materia y suscritos por Espa\u00f1a: Real Decreto Legislativo 1\/1996, \u00faltima actualizaci\u00f3n 30\/03\/2023; Directiva-UE-2019\/790 del Parlamento Europeo y del Consejo, de 17 de abril de 2019, sobre los derechos de autor y derechos afines en el mercado \u00fanico digital.<\/p><p>Todos los derechos reservados. En cumplimiento de la Ley de la Propiedad Intelectual se proh\u00edbe expresamente la reproducci\u00f3n, distribuci\u00f3n, comunicaci\u00f3n p\u00fablica y utilizaci\u00f3n de la totalidad o parte de los contenidos de sus p\u00e1ginas web sin el consentimiento expl\u00edcito de <strong>TECNI FRED I CLIMA, SL<\/strong>. <\/p><p>Asimismo, <strong>TECNI FRED I CLIMA, SL<\/strong> se reserva la facultad de presentar las acciones civiles o penales que considere oportunas por la utilizaci\u00f3n indebida de sus p\u00e1ginas web y contenidos o por el incumplimiento de estas condiciones.<\/p><ol start=\"7\"><li><strong><u>ACCIONES LEGAL, LEGISLACI\u00d3N APLICABLE Y JURISDICCI\u00d3N<\/u><\/strong><\/li><\/ol><p>La relaci\u00f3n entre el usuario y <strong>TECNI FRED I CLIMA, SL<\/strong>, se regir\u00e1 por la normativa espa\u00f1ola vigente. Ser\u00e1n competentes para decidir sobre cualquier controversia que pueda surgir entre el usuario y <strong>TECNI FRED I CLIMA, SL<\/strong>, los juzgados o tribunales del Partido Judicial de la localidad de <strong>MATAR\u00d3<\/strong>. <\/p><ol start=\"8\"><li><strong><u>RESERVA DE COOKIES<\/u><\/strong><\/li><\/ol><p><strong>TECNI FRED I CLIMA, SL<\/strong> utiliza cookies y otras tecnolog\u00edas similares que almacenan y recuperan informaci\u00f3n mientras navegas. Estas tecnolog\u00edas pueden tener diversas finalidades, como reconocer a un usuario y obtener informaci\u00f3n de sus h\u00e1bitos de navegaci\u00f3n. Los usos concretos que hacemos de estas tecnolog\u00edas se describen en la informaci\u00f3n que recoge la Pol\u00edtica de Cookies. Siguiendo la pol\u00edtica de protecci\u00f3n de datos de la entidad, <strong>TECNI FRED I CLIMA, SL <\/strong>informa que las cookies se asocian al usuario an\u00f3nimo ya su ordenador, y no proporcionan por s\u00ed mismos datos personales del usuario.   <\/p><p>La informaci\u00f3n de nuestra &#8216;Pol\u00edtica de Cookies&#8217; informa al usuario del tiempo que estas cookies permanecer\u00e1n activas en su terminal y de la posibilidad de que terceros puedan acceder a la informaci\u00f3n que \u00e9stas almacenan. Por eso se modific\u00f3 el art\u00edculo 5, apartado 3, de la Directiva 2002\/58 por la Directiva 2009\/136, y ahora por la Gu\u00eda de la AEPD. <\/p><p>La \u00faltima Gu\u00eda sobre el uso de cookies de la AEPD, de julio de 2023, que incorpora el criterio del Comit\u00e9 Europeo en Protecci\u00f3n de Datos (CEPD), recoge que las acciones de aceptar o rechazar las cookies deben estar al mismo nivel, sin que ninguna opci\u00f3n sea m\u00e1s complicada que la otra. En este sentido, el usuario debe poder aceptar o rechazar de forma expl\u00edcita el uso de las cookies y recibir m\u00e1s informaci\u00f3n sobre las mismas. Adicionalmente, el Usuario tiene la posibilidad de configurar su navegador para que le informe de la recepci\u00f3n de cookies, pudiendo, si as\u00ed lo desea, impedir su instalaci\u00f3n en su disco duro.  <\/p><ol start=\"9\"><li><strong><u>EJERCICIO DE DERECHOS<\/u><\/strong><\/li><\/ol><p>Estos datos ser\u00e1n introducidos en un archivo automatizado bajo la responsabilidad del administrador de la web de <strong>TECNI FRED I CLIMA, SL<\/strong>, con el fin de poder facilitar, agilizar y cumplir los compromisos establecidos entre ambas partes. Asimismo, TECNI FRED I CLIMA, SL, informa de la posibilidad de ejercer los derechos <strong>de acceso<\/strong>, que permite al usuario web conocer qu\u00e9 datos personales tiene el administrador de esta p\u00e1gina y obtener una respuesta en un plazo de 30 d\u00edas, siempre que conserve sus datos personales;    <strong>rectificaci\u00f3n<\/strong>, que permite corregir errores en los datos personales, modificar los datos que sean inexactos o incompletos y garantizar la certeza de la informaci\u00f3n; <strong>oposici\u00f3n,<\/strong> que podr\u00e1 solicitar y conseguir que no se lleve a cabo el tratamiento de datos; <strong>supresi\u00f3n,<\/strong> que permite que se supriman los datos inadecuados o excesivos; <strong>limitaci\u00f3n<\/strong>, por el que puede solicitar que se limite el tratamiento de sus datos cuando haya ejercido su derecho a la rectificaci\u00f3n de sus datos personales; y <strong>portabilitat<\/strong>, para que el usuario pueda obtener una copia de los datos personales que haya facilitado en la web a fin de poder transmitirlos a otros servicios. Estos derechos se podr\u00e1n ejercer por cualquier medio que deje constancia de su env\u00edo y de su recepci\u00f3n en la direcci\u00f3n del administrador de la p\u00e1gina o en el correo electr\u00f3nico contacta@tfclima.com, aportando fotocopia del DNI o documentaci\u00f3n alternativa que acredite su identidad. El interesado tiene derecho a presentar reclamaciones ante la Autoridad de Control, AEPD, ACPD y AVPD.  <\/p><p>El env\u00edo de sus datos mediante el\/los formulario\/s de nuestra web, estar\u00e1 supeditado obligatoriamente a que haya le\u00eddo\/aceptado la Pol\u00edtica de Privacidad, mediante un check box obligatorio a pie del formulario de registro o de contacto.<\/p><p>Estas cl\u00e1usulas han sido elaboradas por <strong><a href=\"http:\/\/www.grupoqualia.net\/es\/inicio\">GRUPO QUALIA<\/a><\/strong>, por lo que se le otorga un certificado en formato de imagen digital para que pueda exponerlo en su sitio web.<\/p>\t\t\t\t\t\t\t\t<\/div>\n\t\t\t\t<\/div>\n\t\t\t\t\t<\/div>\n\t\t<\/div>\n\t\t\t\t\t<\/div>\n\t\t<\/section>\n\t\t\t\t<\/div>\n\t\t","protected":false},"excerpt":{"rendered":"<p>POL\u00cdTICA DE PRIVACIDAD POL\u00cdTICA DE PRIVACIDAD De conformidad con lo que establece el RGPD-UE-2016\/679; el LOPD 3\/2018, de Garant\u00eda de los Derechos Digitales; la Ley 34\/2002, con la \u00faltima actualizaci\u00f3n, 09\/05\/2023, de Servicios de la Sociedad de la Informaci\u00f3n y el Comercio Electr\u00f3nico; y la Ley 11\/2022, General de Telecomunicaciones, TECNI FRED I CLIMA, SL [&hellip;]<\/p>\n","protected":false},"author":5,"featured_media":0,"parent":0,"menu_order":0,"comment_status":"closed","ping_status":"closed","template":"","meta":{"footnotes":""},"class_list":["post-1238","page","type-page","status-publish","hentry"],"_links":{"self":[{"href":"https:\/\/tfclima.com\/es\/wp-json\/wp\/v2\/pages\/1238","targetHints":{"allow":["GET"]}}],"collection":[{"href":"https:\/\/tfclima.com\/es\/wp-json\/wp\/v2\/pages"}],"about":[{"href":"https:\/\/tfclima.com\/es\/wp-json\/wp\/v2\/types\/page"}],"author":[{"embeddable":true,"href":"https:\/\/tfclima.com\/es\/wp-json\/wp\/v2\/users\/5"}],"replies":[{"embeddable":true,"href":"https:\/\/tfclima.com\/es\/wp-json\/wp\/v2\/comments?post=1238"}],"version-history":[{"count":5,"href":"https:\/\/tfclima.com\/es\/wp-json\/wp\/v2\/pages\/1238\/revisions"}],"predecessor-version":[{"id":4133,"href":"https:\/\/tfclima.com\/es\/wp-json\/wp\/v2\/pages\/1238\/revisions\/4133"}],"wp:attachment":[{"href":"https:\/\/tfclima.com\/es\/wp-json\/wp\/v2\/media?parent=1238"}],"curies":[{"name":"wp","href":"https:\/\/api.w.org\/{rel}","templated":true}]}}