{"id":1236,"date":"2021-08-04T14:09:38","date_gmt":"2021-08-04T12:09:38","guid":{"rendered":"https:\/\/tfclima.com\/avis-legal\/"},"modified":"2025-12-18T09:16:58","modified_gmt":"2025-12-18T08:16:58","slug":"aviso-legal","status":"publish","type":"page","link":"https:\/\/tfclima.com\/es\/aviso-legal\/","title":{"rendered":"Aviso legal"},"content":{"rendered":"\t\t<div data-elementor-type=\"wp-page\" data-elementor-id=\"1236\" class=\"elementor elementor-1236 elementor-154\" data-elementor-post-type=\"page\">\n\t\t\t\t\t\t<section class=\"elementor-section elementor-top-section elementor-element elementor-element-57a68da6 elementor-section-boxed elementor-section-height-default elementor-section-height-default\" data-id=\"57a68da6\" data-element_type=\"section\" data-e-type=\"section\">\n\t\t\t\t\t\t<div class=\"elementor-container elementor-column-gap-default\">\n\t\t\t\t\t<div class=\"elementor-column elementor-col-100 elementor-top-column elementor-element elementor-element-73ef0a82\" data-id=\"73ef0a82\" data-element_type=\"column\" data-e-type=\"column\">\n\t\t\t<div class=\"elementor-widget-wrap elementor-element-populated\">\n\t\t\t\t\t\t<div class=\"elementor-element elementor-element-4e8a087f elementor-widget elementor-widget-text-editor\" data-id=\"4e8a087f\" data-element_type=\"widget\" data-e-type=\"widget\" data-widget_type=\"text-editor.default\">\n\t\t\t\t<div class=\"elementor-widget-container\">\n\t\t\t\t\t\t\t\t\t<h1>AVISO LEGAL<\/h1><p>En cumplimiento de la Ley 34\/2002, con la \u00faltima actualizaci\u00f3n, 09\/05\/2023, de servicios de la sociedad de la informaci\u00f3n y de comercio electr\u00f3nico, <strong>TECNI FRED I CLIMA, SL<\/strong>, le informa que es titular del sitio web: <strong>https:\/\/tfclima.com\/<\/strong>. De acuerdo con la exigencia del art\u00edculo 10 de la citada Ley, notifica los siguientes datos: CIF\/NIF: <strong>B61840906 <\/strong>y Registro Mercantil de <strong>BARCELONA<\/strong>, Tomo: <strong>31308<\/strong>, Folio: <strong>6, S8,<\/strong> Hoja: <strong>B-185191<\/strong> y Domicilio Social: <strong>C\/ M\u00daSICS CASSAD\u00d3 30-32, BJ. 08304,<\/strong> <strong>MATAR\u00d3 <\/strong><strong>(BARCELONA)<\/strong>. La direcci\u00f3n de correo electr\u00f3nico de contacto con la empresa es: <u>contacta@tfclima.com<\/u>. <\/p><ol><li><strong><u>USUARIO Y R\u00c9GIMEN DE RESPONSABILIDADES<\/u><\/strong><\/li><\/ol><p>La navegaci\u00f3n por acceso y uso de la p\u00e1gina web y todos los subdominios y directorios incluidos bajo la misma dominio, as\u00ed como los servicios o contenidos que a trav\u00e9s de \u00e9l se puedan obtener y todos los portales de dominio propio bajo titularidad de <strong>TECNI FRED I CLIMA, SL<\/strong>, otorga la condici\u00f3n de <strong>Usuario<\/strong>, por la que se aceptan, al navegar por la web de <strong>TECNI FRED I CLIMA, SL<\/strong> todas las condiciones de uso que se establecen aqu\u00ed sin perjudicar la aplicaci\u00f3n de la correspondiente normativa de obligado cumplimiento legal en su caso.<\/p><p>Por eso, si las consideraciones detalladas en este Aviso Legal no son de su conformidad, rogamos no haga uso del Portal, ya que cualquier uso que haga del mismo o de los servicios y contenidos en \u00e9l incluidos implicar\u00e1 la aceptaci\u00f3n de los t\u00e9rminos legales recogidos en este texto.<\/p><p>La p\u00e1gina web de TECNI FRED I CLIMA, SL proporciona gran diversidad de informaci\u00f3n, servicios y datos. El Usuario asume su responsabilidad en el correcto uso de los sitios web. Esta responsabilidad se extender\u00e1 a: La veracidad y licitud de las informaciones aportadas por el <strong>Usuario <\/strong>a los formularios de registro y contacto de <strong>TECNI FRED I CLIMA, SL<\/strong> para acceder a determinados contenidos o servicios ofrecidos por la web.  <\/p><p>El uso de la informaci\u00f3n, servicios y datos ofrecidos por <strong>TECNI FRED I CLIMA, SL<\/strong>, no ir\u00e1n contra las disposiciones de estas cl\u00e1usulas, la Ley, la moral, las buenas costumbres o el orden p\u00fablico que puedan suponer lesi\u00f3n de los derechos de terceros o del funcionamiento de los sitios web.<\/p><p>A tal efecto, el <strong>Usuario <\/strong>se abstendr\u00e1 de utilizar cualquiera de los contenidos con fines il\u00edcitos y prohibidos en este texto, lesivos con los derechos e intereses de terceros, o que de cualquier forma puedan estropear, inutilizar, sobrecargar, deteriorar o impedir la normal utilizaci\u00f3n de los contenidos por parte de otros <strong>Usuarios <\/strong>o de cualquier <strong>Usuario <\/strong>de Internet (hardware y software).<\/p><p>Los <strong>Usuarios <\/strong>responder\u00e1n de los da\u00f1os y perjuicios de toda naturaleza que la entidad propietaria de la web pueda sufrir, directa o indirectamente, como consecuencia de incumplimiento de cualquiera de las obligaciones derivadas del uso de la Web y de esa pol\u00edtica de privacidad.<\/p><p>En particular, ya t\u00edtulo meramente indicativo y no exhaustivo, el <strong>Usuario <\/strong>se compromete a no transmitir, difundir o poner a disposici\u00f3n de terceros informaciones, datos, contenidos, mensajes, gr\u00e1ficos, dibujos, archivos de sonido y\/o imagen, fotograf\u00edas de esta web.<\/p>\t\t\t\t\t\t\t\t<\/div>\n\t\t\t\t<\/div>\n\t\t\t\t\t<\/div>\n\t\t<\/div>\n\t\t\t\t\t<\/div>\n\t\t<\/section>\n\t\t\t\t<\/div>\n\t\t","protected":false},"excerpt":{"rendered":"<p>AVISO LEGAL En cumplimiento de la Ley 34\/2002, con la \u00faltima actualizaci\u00f3n, 09\/05\/2023, de servicios de la sociedad de la informaci\u00f3n y de comercio electr\u00f3nico, TECNI FRED I CLIMA, SL, le informa que es titular del sitio web: https:\/\/tfclima.com\/. De acuerdo con la exigencia del art\u00edculo 10 de la citada Ley, notifica los siguientes datos: [&hellip;]<\/p>\n","protected":false},"author":5,"featured_media":0,"parent":0,"menu_order":0,"comment_status":"closed","ping_status":"closed","template":"","meta":{"footnotes":""},"class_list":["post-1236","page","type-page","status-publish","hentry"],"_links":{"self":[{"href":"https:\/\/tfclima.com\/es\/wp-json\/wp\/v2\/pages\/1236","targetHints":{"allow":["GET"]}}],"collection":[{"href":"https:\/\/tfclima.com\/es\/wp-json\/wp\/v2\/pages"}],"about":[{"href":"https:\/\/tfclima.com\/es\/wp-json\/wp\/v2\/types\/page"}],"author":[{"embeddable":true,"href":"https:\/\/tfclima.com\/es\/wp-json\/wp\/v2\/users\/5"}],"replies":[{"embeddable":true,"href":"https:\/\/tfclima.com\/es\/wp-json\/wp\/v2\/comments?post=1236"}],"version-history":[{"count":6,"href":"https:\/\/tfclima.com\/es\/wp-json\/wp\/v2\/pages\/1236\/revisions"}],"predecessor-version":[{"id":4134,"href":"https:\/\/tfclima.com\/es\/wp-json\/wp\/v2\/pages\/1236\/revisions\/4134"}],"wp:attachment":[{"href":"https:\/\/tfclima.com\/es\/wp-json\/wp\/v2\/media?parent=1236"}],"curies":[{"name":"wp","href":"https:\/\/api.w.org\/{rel}","templated":true}]}}